{"id":1440,"date":"2025-05-27T15:21:42","date_gmt":"2025-05-27T13:21:42","guid":{"rendered":"https:\/\/life-smarthome.com\/?page_id=1440"},"modified":"2025-07-03T20:52:54","modified_gmt":"2025-07-03T18:52:54","slug":"realisation","status":"publish","type":"page","link":"https:\/\/life-smarthome.com\/ar\/realisation\/","title":{"rendered":"\u0625\u062e\u0631\u0627\u062c"},"content":{"rendered":"\t\t<div data-elementor-type=\"wp-page\" data-elementor-id=\"1440\" class=\"elementor elementor-1440\">\n\t\t\t\t<div class=\"elementor-element elementor-element-2cb5f4f e-flex e-con-boxed wpr-particle-no wpr-jarallax-no wpr-parallax-no wpr-sticky-section-no e-con e-parent\" data-id=\"2cb5f4f\" data-element_type=\"container\" data-e-type=\"container\" data-settings=\"{&quot;background_background&quot;:&quot;classic&quot;}\">\n\t\t\t\t\t<div class=\"e-con-inner\">\n\t\t<div class=\"elementor-element elementor-element-fe6a729 e-con-full e-flex wpr-particle-no wpr-jarallax-no wpr-parallax-no wpr-sticky-section-no e-con e-child\" data-id=\"fe6a729\" data-element_type=\"container\" data-e-type=\"container\">\n\t\t\t\t<div class=\"elementor-element elementor-element-c7345d2 elementor-widget elementor-widget-heading\" data-id=\"c7345d2\" data-element_type=\"widget\" data-e-type=\"widget\" data-widget_type=\"heading.default\">\n\t\t\t\t<div class=\"elementor-widget-container\">\n\t\t\t\t\t<h1 class=\"elementor-heading-title elementor-size-default\">R\u00e9alisation<\/h1>\t\t\t\t<\/div>\n\t\t\t\t<\/div>\n\t\t\t\t<div class=\"elementor-element elementor-element-8966e55 elementor-widget-divider--view-line elementor-widget elementor-widget-divider\" data-id=\"8966e55\" data-element_type=\"widget\" data-e-type=\"widget\" data-widget_type=\"divider.default\">\n\t\t\t\t<div class=\"elementor-widget-container\">\n\t\t\t\t\t\t\t<div class=\"elementor-divider\">\n\t\t\t<span class=\"elementor-divider-separator\">\n\t\t\t\t\t\t<\/span>\n\t\t<\/div>\n\t\t\t\t\t\t<\/div>\n\t\t\t\t<\/div>\n\t\t\t\t<div class=\"elementor-element elementor-element-7d44ad4 elementor-widget elementor-widget-text-editor\" data-id=\"7d44ad4\" data-element_type=\"widget\" data-e-type=\"widget\" data-widget_type=\"text-editor.default\">\n\t\t\t\t<div class=\"elementor-widget-container\">\n\t\t\t\t\t\t\t\t\t<p>Life Smart Home transforme chaque espace en un lieu unique, pens\u00e9 pour \u00eatre beau, fonctionnel et rentable. De la conception \u00e0 la finition, nous r\u00e9alisons vos projets avec passion et pr\u00e9cision<\/p>\t\t\t\t\t\t\t\t<\/div>\n\t\t\t\t<\/div>\n\t\t\t\t<\/div>\n\t\t\t\t\t<\/div>\n\t\t\t\t<\/div>\n\t\t<div class=\"elementor-element elementor-element-94ad6e0 e-flex e-con-boxed wpr-particle-no wpr-jarallax-no wpr-parallax-no wpr-sticky-section-no e-con e-parent\" data-id=\"94ad6e0\" data-element_type=\"container\" data-e-type=\"container\">\n\t\t\t\t\t<div class=\"e-con-inner\">\n\t\t\t\t<div class=\"elementor-element elementor-element-e8f8332 elementor-widget elementor-widget-heading\" data-id=\"e8f8332\" data-element_type=\"widget\" data-e-type=\"widget\" data-widget_type=\"heading.default\">\n\t\t\t\t<div class=\"elementor-widget-container\">\n\t\t\t\t\t<h2 class=\"elementor-heading-title elementor-size-default\">Projets<\/h2>\t\t\t\t<\/div>\n\t\t\t\t<\/div>\n\t\t<div class=\"elementor-element elementor-element-98d4c1c e-con-full e-flex wpr-particle-no wpr-jarallax-no wpr-parallax-no wpr-sticky-section-no e-con e-child\" data-id=\"98d4c1c\" data-element_type=\"container\" data-e-type=\"container\">\n\t\t<div class=\"elementor-element elementor-element-5a29916 e-con-full e-flex wpr-particle-no wpr-jarallax-no wpr-parallax-no wpr-sticky-section-no e-con e-child\" data-id=\"5a29916\" data-element_type=\"container\" data-e-type=\"container\">\n\t\t\t\t<div class=\"elementor-element elementor-element-8c9421d e-transform elementor-widget elementor-widget-image\" data-id=\"8c9421d\" data-element_type=\"widget\" data-e-type=\"widget\" data-settings=\"{&quot;_transform_scale_effect_hover&quot;:{&quot;unit&quot;:&quot;px&quot;,&quot;size&quot;:1.1,&quot;sizes&quot;:[]},&quot;_transform_scale_effect_hover_tablet&quot;:{&quot;unit&quot;:&quot;px&quot;,&quot;size&quot;:&quot;&quot;,&quot;sizes&quot;:[]},&quot;_transform_scale_effect_hover_mobile&quot;:{&quot;unit&quot;:&quot;px&quot;,&quot;size&quot;:&quot;&quot;,&quot;sizes&quot;:[]}}\" data-widget_type=\"image.default\">\n\t\t\t\t<div class=\"elementor-widget-container\">\n\t\t\t\t\t\t\t\t\t\t\t\t\t\t\t\t<a href=\"https:\/\/life-smarthome.com\/projet-1\/\">\n\t\t\t\t\t\t\t<img fetchpriority=\"high\" decoding=\"async\" width=\"1024\" height=\"682\" src=\"https:\/\/life-smarthome.com\/wp-content\/uploads\/2025\/06\/2025-04-17-1024x682.webp\" class=\"attachment-large size-large wp-image-2175\" alt=\"\" srcset=\"https:\/\/life-smarthome.com\/wp-content\/uploads\/2025\/06\/2025-04-17-1024x682.webp 1024w, https:\/\/life-smarthome.com\/wp-content\/uploads\/2025\/06\/2025-04-17-300x200.webp 300w, https:\/\/life-smarthome.com\/wp-content\/uploads\/2025\/06\/2025-04-17-768x512.webp 768w, https:\/\/life-smarthome.com\/wp-content\/uploads\/2025\/06\/2025-04-17-600x400.webp 600w, https:\/\/life-smarthome.com\/wp-content\/uploads\/2025\/06\/2025-04-17.webp 1280w\" sizes=\"(max-width: 1024px) 100vw, 1024px\" title=\"\">\t\t\t\t\t\t\t\t<\/a>\n\t\t\t\t\t\t\t\t\t\t\t\t\t\t\t<\/div>\n\t\t\t\t<\/div>\n\t\t\t\t<\/div>\n\t\t<div class=\"elementor-element elementor-element-bc9b21c e-con-full e-flex wpr-particle-no wpr-jarallax-no wpr-parallax-no wpr-sticky-section-no e-con e-child\" data-id=\"bc9b21c\" data-element_type=\"container\" data-e-type=\"container\">\n\t\t\t\t<div class=\"elementor-element elementor-element-1946055 elementor-widget elementor-widget-heading\" data-id=\"1946055\" data-element_type=\"widget\" data-e-type=\"widget\" data-widget_type=\"heading.default\">\n\t\t\t\t<div class=\"elementor-widget-container\">\n\t\t\t\t\t<h3 class=\"elementor-heading-title elementor-size-default\"><a href=\"https:\/\/life-smarthome.com\/projet-1\/\">Alkhayma Medina \u2013 Un concept hybride entre hospitalit\u00e9 et gastronomie<\/a><\/h3>\t\t\t\t<\/div>\n\t\t\t\t<\/div>\n\t\t\t\t<div class=\"elementor-element elementor-element-c698c8c elementor-tablet-align-center elementor-widget elementor-widget-button\" data-id=\"c698c8c\" data-element_type=\"widget\" data-e-type=\"widget\" data-widget_type=\"button.default\">\n\t\t\t\t<div class=\"elementor-widget-container\">\n\t\t\t\t\t\t\t\t\t<div class=\"elementor-button-wrapper\">\n\t\t\t\t\t<a class=\"elementor-button elementor-button-link elementor-size-sm\" href=\"https:\/\/life-smarthome.com\/projet-1\/\">\n\t\t\t\t\t\t<span class=\"elementor-button-content-wrapper\">\n\t\t\t\t\t\t\t\t\t<span class=\"elementor-button-text\">lire la suite<\/span>\n\t\t\t\t\t<\/span>\n\t\t\t\t\t<\/a>\n\t\t\t\t<\/div>\n\t\t\t\t\t\t\t\t<\/div>\n\t\t\t\t<\/div>\n\t\t\t\t<\/div>\n\t\t\t\t<\/div>\n\t\t<div class=\"elementor-element elementor-element-512a25e e-con-full e-flex wpr-particle-no wpr-jarallax-no wpr-parallax-no wpr-sticky-section-no e-con e-child\" data-id=\"512a25e\" data-element_type=\"container\" data-e-type=\"container\">\n\t\t<div class=\"elementor-element elementor-element-942d79c e-con-full e-flex wpr-particle-no wpr-jarallax-no wpr-parallax-no wpr-sticky-section-no e-con e-child\" data-id=\"942d79c\" data-element_type=\"container\" data-e-type=\"container\">\n\t\t\t\t<div class=\"elementor-element elementor-element-c3527af elementor-widget elementor-widget-heading\" data-id=\"c3527af\" data-element_type=\"widget\" data-e-type=\"widget\" data-widget_type=\"heading.default\">\n\t\t\t\t<div class=\"elementor-widget-container\">\n\t\t\t\t\t<h3 class=\"elementor-heading-title elementor-size-default\"><a href=\"https:\/\/life-smarthome.com\/projet-2\/\">Riad Babel \u2013 Renaissance d\u2019un riad dans la M\u00e9dina de Marrakech<\/a><\/h3>\t\t\t\t<\/div>\n\t\t\t\t<\/div>\n\t\t\t\t<div class=\"elementor-element elementor-element-2556208 elementor-tablet-align-center elementor-widget elementor-widget-button\" data-id=\"2556208\" data-element_type=\"widget\" data-e-type=\"widget\" data-widget_type=\"button.default\">\n\t\t\t\t<div class=\"elementor-widget-container\">\n\t\t\t\t\t\t\t\t\t<div class=\"elementor-button-wrapper\">\n\t\t\t\t\t<a class=\"elementor-button elementor-button-link elementor-size-sm\" href=\"https:\/\/life-smarthome.com\/projet-2\/\">\n\t\t\t\t\t\t<span class=\"elementor-button-content-wrapper\">\n\t\t\t\t\t\t\t\t\t<span class=\"elementor-button-text\">lire la suite<\/span>\n\t\t\t\t\t<\/span>\n\t\t\t\t\t<\/a>\n\t\t\t\t<\/div>\n\t\t\t\t\t\t\t\t<\/div>\n\t\t\t\t<\/div>\n\t\t\t\t<\/div>\n\t\t<div class=\"elementor-element elementor-element-5b22b29 e-con-full e-flex wpr-particle-no wpr-jarallax-no wpr-parallax-no wpr-sticky-section-no e-con e-child\" data-id=\"5b22b29\" data-element_type=\"container\" data-e-type=\"container\">\n\t\t\t\t<div class=\"elementor-element elementor-element-2c35fa4 e-transform elementor-widget elementor-widget-image\" data-id=\"2c35fa4\" data-element_type=\"widget\" data-e-type=\"widget\" data-settings=\"{&quot;_transform_scale_effect_hover&quot;:{&quot;unit&quot;:&quot;px&quot;,&quot;size&quot;:1.1,&quot;sizes&quot;:[]},&quot;_transform_scale_effect_hover_tablet&quot;:{&quot;unit&quot;:&quot;px&quot;,&quot;size&quot;:&quot;&quot;,&quot;sizes&quot;:[]},&quot;_transform_scale_effect_hover_mobile&quot;:{&quot;unit&quot;:&quot;px&quot;,&quot;size&quot;:&quot;&quot;,&quot;sizes&quot;:[]}}\" data-widget_type=\"image.default\">\n\t\t\t\t<div class=\"elementor-widget-container\">\n\t\t\t\t\t\t\t\t\t\t\t\t\t\t\t\t<a href=\"https:\/\/life-smarthome.com\/projet-2\/\">\n\t\t\t\t\t\t\t<img decoding=\"async\" width=\"1024\" height=\"683\" src=\"https:\/\/life-smarthome.com\/wp-content\/uploads\/2025\/06\/ctxv358kxaafhotfofb0-1024x683.jpg\" class=\"attachment-large size-large wp-image-1890\" alt=\"\" srcset=\"https:\/\/life-smarthome.com\/wp-content\/uploads\/2025\/06\/ctxv358kxaafhotfofb0-1024x683.jpg 1024w, https:\/\/life-smarthome.com\/wp-content\/uploads\/2025\/06\/ctxv358kxaafhotfofb0-600x400.jpg 600w, https:\/\/life-smarthome.com\/wp-content\/uploads\/2025\/06\/ctxv358kxaafhotfofb0-300x200.jpg 300w, https:\/\/life-smarthome.com\/wp-content\/uploads\/2025\/06\/ctxv358kxaafhotfofb0-768x512.jpg 768w, https:\/\/life-smarthome.com\/wp-content\/uploads\/2025\/06\/ctxv358kxaafhotfofb0.jpg 1440w\" sizes=\"(max-width: 1024px) 100vw, 1024px\" title=\"\">\t\t\t\t\t\t\t\t<\/a>\n\t\t\t\t\t\t\t\t\t\t\t\t\t\t\t<\/div>\n\t\t\t\t<\/div>\n\t\t\t\t<\/div>\n\t\t\t\t<\/div>\n\t\t<div class=\"elementor-element elementor-element-aed1aa2 e-con-full e-flex wpr-particle-no wpr-jarallax-no wpr-parallax-no wpr-sticky-section-no e-con e-child\" data-id=\"aed1aa2\" data-element_type=\"container\" data-e-type=\"container\">\n\t\t<div class=\"elementor-element elementor-element-5ca813d e-con-full e-flex wpr-particle-no wpr-jarallax-no wpr-parallax-no wpr-sticky-section-no e-con e-child\" data-id=\"5ca813d\" data-element_type=\"container\" data-e-type=\"container\">\n\t\t\t\t<div class=\"elementor-element elementor-element-b5e7f28 e-transform elementor-widget elementor-widget-image\" data-id=\"b5e7f28\" data-element_type=\"widget\" data-e-type=\"widget\" data-settings=\"{&quot;_transform_scale_effect_hover&quot;:{&quot;unit&quot;:&quot;px&quot;,&quot;size&quot;:1.1,&quot;sizes&quot;:[]},&quot;_transform_scale_effect_hover_tablet&quot;:{&quot;unit&quot;:&quot;px&quot;,&quot;size&quot;:&quot;&quot;,&quot;sizes&quot;:[]},&quot;_transform_scale_effect_hover_mobile&quot;:{&quot;unit&quot;:&quot;px&quot;,&quot;size&quot;:&quot;&quot;,&quot;sizes&quot;:[]}}\" data-widget_type=\"image.default\">\n\t\t\t\t<div class=\"elementor-widget-container\">\n\t\t\t\t\t\t\t\t\t\t\t\t\t\t\t\t<a href=\"https:\/\/life-smarthome.com\/projet-3\/\">\n\t\t\t\t\t\t\t<img decoding=\"async\" width=\"1024\" height=\"768\" src=\"https:\/\/life-smarthome.com\/wp-content\/uploads\/2025\/06\/IMG-20231224-WA0056_resultat-1024x768.webp\" class=\"attachment-large size-large wp-image-2486\" alt=\"\" srcset=\"https:\/\/life-smarthome.com\/wp-content\/uploads\/2025\/06\/IMG-20231224-WA0056_resultat-1024x768.webp 1024w, https:\/\/life-smarthome.com\/wp-content\/uploads\/2025\/06\/IMG-20231224-WA0056_resultat-300x225.webp 300w, https:\/\/life-smarthome.com\/wp-content\/uploads\/2025\/06\/IMG-20231224-WA0056_resultat-768x576.webp 768w, https:\/\/life-smarthome.com\/wp-content\/uploads\/2025\/06\/IMG-20231224-WA0056_resultat-1536x1152.webp 1536w, https:\/\/life-smarthome.com\/wp-content\/uploads\/2025\/06\/IMG-20231224-WA0056_resultat-600x450.webp 600w, https:\/\/life-smarthome.com\/wp-content\/uploads\/2025\/06\/IMG-20231224-WA0056_resultat.webp 1600w\" sizes=\"(max-width: 1024px) 100vw, 1024px\" title=\"\">\t\t\t\t\t\t\t\t<\/a>\n\t\t\t\t\t\t\t\t\t\t\t\t\t\t\t<\/div>\n\t\t\t\t<\/div>\n\t\t\t\t<\/div>\n\t\t<div class=\"elementor-element elementor-element-fa74802 e-con-full e-flex wpr-particle-no wpr-jarallax-no wpr-parallax-no wpr-sticky-section-no e-con e-child\" data-id=\"fa74802\" data-element_type=\"container\" data-e-type=\"container\">\n\t\t\t\t<div class=\"elementor-element elementor-element-f858f56 elementor-widget elementor-widget-heading\" data-id=\"f858f56\" data-element_type=\"widget\" data-e-type=\"widget\" data-widget_type=\"heading.default\">\n\t\t\t\t<div class=\"elementor-widget-container\">\n\t\t\t\t\t<h3 class=\"elementor-heading-title elementor-size-default\"><a href=\"https:\/\/life-smarthome.com\/projet-3\/\">Transformation compl\u00e8te d\u2019un appartement \u00e0 Gu\u00e9liz<\/a><\/h3>\t\t\t\t<\/div>\n\t\t\t\t<\/div>\n\t\t\t\t<div class=\"elementor-element elementor-element-be4063a elementor-tablet-align-center elementor-widget elementor-widget-button\" data-id=\"be4063a\" data-element_type=\"widget\" data-e-type=\"widget\" data-widget_type=\"button.default\">\n\t\t\t\t<div class=\"elementor-widget-container\">\n\t\t\t\t\t\t\t\t\t<div class=\"elementor-button-wrapper\">\n\t\t\t\t\t<a class=\"elementor-button elementor-button-link elementor-size-sm\" href=\"https:\/\/life-smarthome.com\/projet-3\/\">\n\t\t\t\t\t\t<span class=\"elementor-button-content-wrapper\">\n\t\t\t\t\t\t\t\t\t<span class=\"elementor-button-text\">lire la suite<\/span>\n\t\t\t\t\t<\/span>\n\t\t\t\t\t<\/a>\n\t\t\t\t<\/div>\n\t\t\t\t\t\t\t\t<\/div>\n\t\t\t\t<\/div>\n\t\t\t\t<\/div>\n\t\t\t\t<\/div>\n\t\t\t\t\t<\/div>\n\t\t\t\t<\/div>\n\t\t<div class=\"elementor-element elementor-element-77b6e85 e-con-full e-flex wpr-particle-no wpr-jarallax-no wpr-parallax-no wpr-sticky-section-no e-con e-parent\" data-id=\"77b6e85\" data-element_type=\"container\" data-e-type=\"container\" data-settings=\"{&quot;background_background&quot;:&quot;classic&quot;}\">\n\t\t\t\t<div class=\"elementor-element elementor-element-fca7551 elementor-widget elementor-widget-image\" data-id=\"fca7551\" data-element_type=\"widget\" data-e-type=\"widget\" data-widget_type=\"image.default\">\n\t\t\t\t<div class=\"elementor-widget-container\">\n\t\t\t\t\t\t\t\t\t\t\t\t\t\t\t<img loading=\"lazy\" decoding=\"async\" width=\"2560\" height=\"802\" src=\"https:\/\/life-smarthome.com\/wp-content\/uploads\/2025\/06\/Frame-1261155629-scaled.webp\" class=\"attachment-full size-full wp-image-3081\" alt=\"\" srcset=\"https:\/\/life-smarthome.com\/wp-content\/uploads\/2025\/06\/Frame-1261155629-scaled.webp 2560w, https:\/\/life-smarthome.com\/wp-content\/uploads\/2025\/06\/Frame-1261155629-300x94.webp 300w, https:\/\/life-smarthome.com\/wp-content\/uploads\/2025\/06\/Frame-1261155629-1024x321.webp 1024w, https:\/\/life-smarthome.com\/wp-content\/uploads\/2025\/06\/Frame-1261155629-768x241.webp 768w, https:\/\/life-smarthome.com\/wp-content\/uploads\/2025\/06\/Frame-1261155629-1536x481.webp 1536w, https:\/\/life-smarthome.com\/wp-content\/uploads\/2025\/06\/Frame-1261155629-2048x642.webp 2048w, https:\/\/life-smarthome.com\/wp-content\/uploads\/2025\/06\/Frame-1261155629-600x188.webp 600w\" sizes=\"(max-width: 2560px) 100vw, 2560px\" title=\"\">\t\t\t\t\t\t\t\t\t\t\t\t\t\t\t<\/div>\n\t\t\t\t<\/div>\n\t\t<div class=\"elementor-element elementor-element-48eeb19 e-flex e-con-boxed wpr-particle-no wpr-jarallax-no wpr-parallax-no wpr-sticky-section-no e-con e-child\" data-id=\"48eeb19\" data-element_type=\"container\" data-e-type=\"container\">\n\t\t\t\t\t<div class=\"e-con-inner\">\n\t\t\t\t<div class=\"elementor-element elementor-element-6371261 elementor-widget elementor-widget-heading\" data-id=\"6371261\" data-element_type=\"widget\" data-e-type=\"widget\" data-widget_type=\"heading.default\">\n\t\t\t\t<div class=\"elementor-widget-container\">\n\t\t\t\t\t<h2 class=\"elementor-heading-title elementor-size-default\">Des espaces repens\u00e9s, des projets sur mesure<\/h2>\t\t\t\t<\/div>\n\t\t\t\t<\/div>\n\t\t\t\t<div class=\"elementor-element elementor-element-70ba844 elementor-widget elementor-widget-text-editor\" data-id=\"70ba844\" data-element_type=\"widget\" data-e-type=\"widget\" data-widget_type=\"text-editor.default\">\n\t\t\t\t<div class=\"elementor-widget-container\">\n\t\t\t\t\t\t\t\t\t<p>Chez Life Smart Home, chaque r\u00e9alisation est unique. Nous concevons, r\u00e9novons et am\u00e9nageons des biens avec une approche compl\u00e8te, du gros \u0153uvre \u00e0 la d\u00e9coration. Que ce soit pour un appartement, un riad ou un espace commercial, notre mission est de transformer chaque lieu en un espace fonctionnel, esth\u00e9tique et rentable, tout en respectant le budget et les attentes de nos clients.<\/p>\t\t\t\t\t\t\t\t<\/div>\n\t\t\t\t<\/div>\n\t\t\t\t\t<\/div>\n\t\t\t\t<\/div>\n\t\t\t\t<div class=\"elementor-element elementor-element-b807bcc elementor-widget elementor-widget-image\" data-id=\"b807bcc\" data-element_type=\"widget\" data-e-type=\"widget\" data-widget_type=\"image.default\">\n\t\t\t\t<div class=\"elementor-widget-container\">\n\t\t\t\t\t\t\t\t\t\t\t\t\t\t\t<img loading=\"lazy\" decoding=\"async\" width=\"2288\" height=\"1031\" src=\"https:\/\/life-smarthome.com\/wp-content\/uploads\/2025\/06\/Frame-1261155630.webp\" class=\"attachment-full size-full wp-image-3082\" alt=\"\" srcset=\"https:\/\/life-smarthome.com\/wp-content\/uploads\/2025\/06\/Frame-1261155630.webp 2288w, https:\/\/life-smarthome.com\/wp-content\/uploads\/2025\/06\/Frame-1261155630-300x135.webp 300w, https:\/\/life-smarthome.com\/wp-content\/uploads\/2025\/06\/Frame-1261155630-1024x461.webp 1024w, https:\/\/life-smarthome.com\/wp-content\/uploads\/2025\/06\/Frame-1261155630-768x346.webp 768w, https:\/\/life-smarthome.com\/wp-content\/uploads\/2025\/06\/Frame-1261155630-1536x692.webp 1536w, https:\/\/life-smarthome.com\/wp-content\/uploads\/2025\/06\/Frame-1261155630-2048x923.webp 2048w, https:\/\/life-smarthome.com\/wp-content\/uploads\/2025\/06\/Frame-1261155630-600x270.webp 600w\" sizes=\"(max-width: 2288px) 100vw, 2288px\" title=\"\">\t\t\t\t\t\t\t\t\t\t\t\t\t\t\t<\/div>\n\t\t\t\t<\/div>\n\t\t\t\t<\/div>\n\t\t<div class=\"elementor-element elementor-element-4b5abdf e-flex e-con-boxed wpr-particle-no wpr-jarallax-no wpr-parallax-no wpr-sticky-section-no e-con e-parent\" data-id=\"4b5abdf\" data-element_type=\"container\" data-e-type=\"container\">\n\t\t\t\t\t<div class=\"e-con-inner\">\n\t\t\t\t<div class=\"elementor-element elementor-element-85d3e7d elementor-widget elementor-widget-html\" data-id=\"85d3e7d\" data-element_type=\"widget\" data-e-type=\"widget\" data-widget_type=\"html.default\">\n\t\t\t\t<div class=\"elementor-widget-container\">\n\t\t\t\t\t<script type=\"text\/javascript\">\r\n  (function(d, t) {\r\n      var v = d.createElement(t), s = d.getElementsByTagName(t)[0];\r\n      v.onload = function() {\r\n        window.voiceflow.chat.load({\r\n          verify: { projectID: '6853c1d84fde8f0ba4feddd6' },\r\n          url: 'https:\/\/general-runtime.voiceflow.com',\r\n          versionID: 'production',\r\n          voice: {\r\n            url: \"https:\/\/runtime-api.voiceflow.com\"\r\n          }\r\n        });\r\n      }\r\n      v.src = \"https:\/\/cdn.voiceflow.com\/widget-next\/bundle.mjs\"; v.type = \"text\/javascript\"; s.parentNode.insertBefore(v, s);\r\n  })(document, 'script');\r\n<\/script>\t\t\t\t<\/div>\n\t\t\t\t<\/div>\n\t\t\t\t<div class=\"elementor-element elementor-element-78603d6 elementor-widget elementor-widget-html\" data-id=\"78603d6\" data-element_type=\"widget\" data-e-type=\"widget\" data-widget_type=\"html.default\">\n\t\t\t\t<div class=\"elementor-widget-container\">\n\t\t\t\t\t<script type=\"text\/javascript\">\r\n  (function(d, t) {\r\n      var v = d.createElement(t), s = d.getElementsByTagName(t)[0];\r\n      v.onload = function() {\r\n        window.voiceflow.chat.load({\r\n          verify: { projectID: '6853b79c4fde8f0ba4feda05' },\r\n          url: 'https:\/\/general-runtime.voiceflow.com',\r\n          versionID: 'production',\r\n          voice: {\r\n            url: \"https:\/\/runtime-api.voiceflow.com\"\r\n          }\r\n        });\r\n      }\r\n      v.src = \"https:\/\/cdn.voiceflow.com\/widget-next\/bundle.mjs\"; v.type = \"text\/javascript\"; s.parentNode.insertBefore(v, s);\r\n  })(document, 'script');\r\n<\/script>\t\t\t\t<\/div>\n\t\t\t\t<\/div>\n\t\t\t\t\t<\/div>\n\t\t\t\t<\/div>\n\t\t\t\t<\/div>\n\t\t","protected":false},"excerpt":{"rendered":"<p>R\u00e9alisation Life Smart Home transforme chaque espace en un lieu unique, pens\u00e9 pour \u00eatre beau, fonctionnel et rentable. De la conception \u00e0 la finition, nous r\u00e9alisons vos projets avec passion et pr\u00e9cision Projets Alkhayma Medina \u2013 Un concept hybride entre hospitalit\u00e9 et gastronomie lire la suite Riad Babel \u2013 Renaissance d\u2019un riad dans la M\u00e9dina de Marrakech lire la suite Transformation compl\u00e8te d\u2019un appartement \u00e0 Gu\u00e9liz lire la suite Des espaces repens\u00e9s, des projets sur mesure Chez Life Smart Home, chaque r\u00e9alisation est unique. Nous concevons, r\u00e9novons et am\u00e9nageons des biens avec une approche compl\u00e8te, du gros \u0153uvre \u00e0 la d\u00e9coration. Que ce soit pour un appartement, un riad ou un espace commercial, notre mission est de transformer chaque lieu en un espace fonctionnel, esth\u00e9tique et rentable, tout en respectant le budget et les attentes de nos clients.<\/p>","protected":false},"author":1,"featured_media":0,"parent":0,"menu_order":0,"comment_status":"closed","ping_status":"closed","template":"","meta":{"_acf_changed":false,"site-sidebar-layout":"no-sidebar","site-content-layout":"page-builder","ast-site-content-layout":"full-width-container","site-content-style":"unboxed","site-sidebar-style":"unboxed","ast-global-header-display":"","ast-banner-title-visibility":"","ast-main-header-display":"","ast-hfb-above-header-display":"","ast-hfb-below-header-display":"","ast-hfb-mobile-header-display":"","site-post-title":"disabled","ast-breadcrumbs-content":"","ast-featured-img":"disabled","footer-sml-layout":"","ast-disable-related-posts":"","theme-transparent-header-meta":"enabled","adv-header-id-meta":"","stick-header-meta":"","header-above-stick-meta":"","header-main-stick-meta":"","header-below-stick-meta":"","astra-migrate-meta-layouts":"set","ast-page-background-enabled":"default","ast-page-background-meta":{"desktop":{"background-color":"","background-image":"","background-repeat":"repeat","background-position":"center center","background-size":"auto","background-attachment":"scroll","background-type":"","background-media":"","overlay-type":"","overlay-color":"","overlay-opacity":"","overlay-gradient":""},"tablet":{"background-color":"","background-image":"","background-repeat":"repeat","background-position":"center center","background-size":"auto","background-attachment":"scroll","background-type":"","background-media":"","overlay-type":"","overlay-color":"","overlay-opacity":"","overlay-gradient":""},"mobile":{"background-color":"","background-image":"","background-repeat":"repeat","background-position":"center center","background-size":"auto","background-attachment":"scroll","background-type":"","background-media":"","overlay-type":"","overlay-color":"","overlay-opacity":"","overlay-gradient":""}},"ast-content-background-meta":{"desktop":{"background-color":"var(--ast-global-color-5)","background-image":"","background-repeat":"repeat","background-position":"center center","background-size":"auto","background-attachment":"scroll","background-type":"","background-media":"","overlay-type":"","overlay-color":"","overlay-opacity":"","overlay-gradient":""},"tablet":{"background-color":"var(--ast-global-color-5)","background-image":"","background-repeat":"repeat","background-position":"center center","background-size":"auto","background-attachment":"scroll","background-type":"","background-media":"","overlay-type":"","overlay-color":"","overlay-opacity":"","overlay-gradient":""},"mobile":{"background-color":"var(--ast-global-color-5)","background-image":"","background-repeat":"repeat","background-position":"center center","background-size":"auto","background-attachment":"scroll","background-type":"","background-media":"","overlay-type":"","overlay-color":"","overlay-opacity":"","overlay-gradient":""}},"footnotes":""},"class_list":["post-1440","page","type-page","status-publish","hentry"],"acf":[],"_links":{"self":[{"href":"https:\/\/life-smarthome.com\/ar\/wp-json\/wp\/v2\/pages\/1440","targetHints":{"allow":["GET"]}}],"collection":[{"href":"https:\/\/life-smarthome.com\/ar\/wp-json\/wp\/v2\/pages"}],"about":[{"href":"https:\/\/life-smarthome.com\/ar\/wp-json\/wp\/v2\/types\/page"}],"author":[{"embeddable":true,"href":"https:\/\/life-smarthome.com\/ar\/wp-json\/wp\/v2\/users\/1"}],"replies":[{"embeddable":true,"href":"https:\/\/life-smarthome.com\/ar\/wp-json\/wp\/v2\/comments?post=1440"}],"version-history":[{"count":21,"href":"https:\/\/life-smarthome.com\/ar\/wp-json\/wp\/v2\/pages\/1440\/revisions"}],"predecessor-version":[{"id":3468,"href":"https:\/\/life-smarthome.com\/ar\/wp-json\/wp\/v2\/pages\/1440\/revisions\/3468"}],"wp:attachment":[{"href":"https:\/\/life-smarthome.com\/ar\/wp-json\/wp\/v2\/media?parent=1440"}],"curies":[{"name":"wp","href":"https:\/\/api.w.org\/{rel}","templated":true}]}}