{"id":1895,"date":"2025-06-03T16:23:10","date_gmt":"2025-06-03T14:23:10","guid":{"rendered":"https:\/\/life-smarthome.com\/?page_id=1895"},"modified":"2025-07-07T11:46:44","modified_gmt":"2025-07-07T09:46:44","slug":"energie-intelligente","status":"publish","type":"page","link":"https:\/\/life-smarthome.com\/ar\/domotique\/energie-intelligente\/","title":{"rendered":"\u0627\u0644\u0637\u0627\u0642\u0629 \u0627\u0644\u0630\u0643\u064a\u0629"},"content":{"rendered":"<div data-elementor-type=\"wp-page\" data-elementor-id=\"1895\" class=\"elementor elementor-1895\">\n\t\t\t\t<div class=\"elementor-element elementor-element-2cb5f4f e-flex e-con-boxed wpr-particle-no wpr-jarallax-no wpr-parallax-no wpr-sticky-section-no e-con e-parent\" data-id=\"2cb5f4f\" data-element_type=\"container\" data-e-type=\"container\" data-settings=\"{&quot;background_background&quot;:&quot;classic&quot;}\">\n\t\t\t\t\t<div class=\"e-con-inner\">\n\t\t<div class=\"elementor-element elementor-element-fe6a729 e-con-full e-flex wpr-particle-no wpr-jarallax-no wpr-parallax-no wpr-sticky-section-no e-con e-child\" data-id=\"fe6a729\" data-element_type=\"container\" data-e-type=\"container\">\n\t\t\t\t<div class=\"elementor-element elementor-element-c7345d2 elementor-widget elementor-widget-heading\" data-id=\"c7345d2\" data-element_type=\"widget\" data-e-type=\"widget\" data-widget_type=\"heading.default\">\n\t\t\t\t<div class=\"elementor-widget-container\">\n\t\t\t\t\t<h1 class=\"elementor-heading-title elementor-size-default\">\u0627\u0644\u0637\u0627\u0642\u0629 \u0627\u0644\u0630\u0643\u064a\u0629<\/h1>\t\t\t\t<\/div>\n\t\t\t\t<\/div>\n\t\t\t\t<div class=\"elementor-element elementor-element-8966e55 elementor-widget-divider--view-line elementor-widget elementor-widget-divider\" data-id=\"8966e55\" data-element_type=\"widget\" data-e-type=\"widget\" data-widget_type=\"divider.default\">\n\t\t\t\t<div class=\"elementor-widget-container\">\n\t\t\t\t\t\t\t<div class=\"elementor-divider\">\n\t\t\t<span class=\"elementor-divider-separator\">\n\t\t\t\t\t\t<\/span>\n\t\t<\/div>\n\t\t\t\t\t\t<\/div>\n\t\t\t\t<\/div>\n\t\t\t\t<div class=\"elementor-element elementor-element-7d44ad4 elementor-widget elementor-widget-text-editor\" data-id=\"7d44ad4\" data-element_type=\"widget\" data-e-type=\"widget\" data-widget_type=\"text-editor.default\">\n\t\t\t\t<div class=\"elementor-widget-container\">\n\t\t\t\t\t\t\t\t\t<p>\u0627\u0644\u0633\u0644\u0627\u0645\u0629 \u0648\u0627\u0644\u0631\u0627\u062d\u0629 \u0648\u0627\u0644\u0643\u0641\u0627\u0621\u0629: \u0627\u0644\u062a\u0643\u0646\u0648\u0644\u0648\u062c\u064a\u0627 \u0645\u0646 \u0623\u062c\u0644 \u0631\u0641\u0627\u0647\u064a\u062a\u0643.<\/p>\t\t\t\t\t\t\t\t<\/div>\n\t\t\t\t<\/div>\n\t\t\t\t<\/div>\n\t\t\t\t\t<\/div>\n\t\t\t\t<\/div>\n\t\t<div class=\"elementor-element elementor-element-94ad6e0 e-flex e-con-boxed wpr-particle-no wpr-jarallax-no wpr-parallax-no wpr-sticky-section-no e-con e-parent\" data-id=\"94ad6e0\" data-element_type=\"container\" data-e-type=\"container\" data-settings=\"{&quot;background_background&quot;:&quot;classic&quot;}\">\n\t\t\t\t\t<div class=\"e-con-inner\">\n\t\t\t\t<div class=\"elementor-element elementor-element-1946055 elementor-widget elementor-widget-heading\" data-id=\"1946055\" data-element_type=\"widget\" data-e-type=\"widget\" data-widget_type=\"heading.default\">\n\t\t\t\t<div class=\"elementor-widget-container\">\n\t\t\t\t\t<h2 class=\"elementor-heading-title elementor-size-default\">\u0627\u0644\u0637\u0627\u0642\u0629 \u0627\u0644\u0630\u0643\u064a\u0629<\/h2>\t\t\t\t<\/div>\n\t\t\t\t<\/div>\n\t\t\t\t<div class=\"elementor-element elementor-element-614cfd0 elementor-widget elementor-widget-text-editor\" data-id=\"614cfd0\" data-element_type=\"widget\" data-e-type=\"widget\" data-widget_type=\"text-editor.default\">\n\t\t\t\t<div class=\"elementor-widget-container\">\n\t\t\t\t\t\t\t\t\t<p>\u0642\u0644\u0644 \u0641\u0648\u0627\u062a\u064a\u0631\u0643 \u062f\u0648\u0646 \u0623\u064a \u062a\u0646\u0627\u0632\u0644\u0627\u062a. \u0631\u0627\u0642\u0628 \u0627\u0633\u062a\u0647\u0644\u0627\u0643\u0643 \u0641\u064a \u0627\u0644\u0648\u0642\u062a \u0627\u0644\u0641\u0639\u0644\u064a \u0648\u062d\u0633\u0650\u0651\u0646 \u0627\u0633\u062a\u062e\u062f\u0627\u0645 \u0623\u062c\u0647\u0632\u062a\u0643 \u0645\u0646 \u062e\u0644\u0627\u0644 \u062d\u0644\u0648\u0644 \u0627\u0644\u0637\u0627\u0642\u0629 \u0627\u0644\u0645\u0633\u062a\u062f\u0627\u0645\u0629 \u0648\u0627\u0644\u0630\u0643\u064a\u0629.<\/p>\t\t\t\t\t\t\t\t<\/div>\n\t\t\t\t<\/div>\n\t\t\t\t\t<\/div>\n\t\t\t\t<\/div>\n\t\t<div class=\"elementor-element elementor-element-c066b49 e-flex e-con-boxed wpr-particle-no wpr-jarallax-no wpr-parallax-no wpr-sticky-section-no e-con e-parent\" data-id=\"c066b49\" data-element_type=\"container\" data-e-type=\"container\">\n\t\t\t\t\t<div class=\"e-con-inner\">\n\t\t<div class=\"elementor-element elementor-element-6c18f25 e-con-full e-flex wpr-particle-no wpr-jarallax-no wpr-parallax-no wpr-sticky-section-no e-con e-child\" data-id=\"6c18f25\" data-element_type=\"container\" data-e-type=\"container\">\n\t\t<div class=\"elementor-element elementor-element-5db6a36 e-con-full e-flex wpr-particle-no wpr-jarallax-no wpr-parallax-no wpr-sticky-section-no e-con e-child\" data-id=\"5db6a36\" data-element_type=\"container\" data-e-type=\"container\">\n\t\t\t\t<div class=\"elementor-element elementor-element-80cac9f elementor-position-top elementor-widget elementor-widget-image-box\" data-id=\"80cac9f\" data-element_type=\"widget\" data-e-type=\"widget\" data-widget_type=\"image-box.default\">\n\t\t\t\t<div class=\"elementor-widget-container\">\n\t\t\t\t\t<div class=\"elementor-image-box-wrapper\"><figure class=\"elementor-image-box-img\"><img fetchpriority=\"high\" decoding=\"async\" width=\"2560\" height=\"2560\" src=\"https:\/\/life-smarthome.com\/wp-content\/uploads\/2025\/06\/icone-38-scaled.webp\" class=\"attachment-full size-full wp-image-2526\" alt=\"\" title=\"\" srcset=\"https:\/\/life-smarthome.com\/wp-content\/uploads\/2025\/06\/icone-38-scaled.webp 2560w, https:\/\/life-smarthome.com\/wp-content\/uploads\/2025\/06\/icone-38-300x300.webp 300w, https:\/\/life-smarthome.com\/wp-content\/uploads\/2025\/06\/icone-38-1024x1024.webp 1024w, https:\/\/life-smarthome.com\/wp-content\/uploads\/2025\/06\/icone-38-150x150.webp 150w, https:\/\/life-smarthome.com\/wp-content\/uploads\/2025\/06\/icone-38-768x768.webp 768w, https:\/\/life-smarthome.com\/wp-content\/uploads\/2025\/06\/icone-38-1536x1536.webp 1536w, https:\/\/life-smarthome.com\/wp-content\/uploads\/2025\/06\/icone-38-2048x2048.webp 2048w, https:\/\/life-smarthome.com\/wp-content\/uploads\/2025\/06\/icone-38-600x600.webp 600w, https:\/\/life-smarthome.com\/wp-content\/uploads\/2025\/06\/icone-38-100x100.webp 100w\" sizes=\"(max-width: 2560px) 100vw, 2560px\" \/><\/figure><div class=\"elementor-image-box-content\"><h3 class=\"elementor-image-box-title\">\u0645\u0631\u0627\u0642\u0628\u0629 \u0627\u0633\u062a\u0647\u0644\u0627\u0643 \u0627\u0644\u0637\u0627\u0642\u0629<\/h3><p class=\"elementor-image-box-description\">\u062d\u062f\u062f \u0641\u064a \u0627\u0644\u0648\u0642\u062a \u0627\u0644\u0641\u0639\u0644\u064a \u0623\u064a\u0646 \u062a\u0630\u0647\u0628 \u0637\u0627\u0642\u062a\u0643 \u0648\u0627\u062a\u062e\u0630 \u0627\u0644\u0642\u0631\u0627\u0631\u0627\u062a \u0627\u0644\u0635\u062d\u064a\u062d\u0629 \u0644\u062a\u0642\u0644\u064a\u0644 \u0641\u0648\u0627\u062a\u064a\u0631\u0643.<\/p><\/div><\/div>\t\t\t\t<\/div>\n\t\t\t\t<\/div>\n\t\t\t\t<\/div>\n\t\t<div class=\"elementor-element elementor-element-008989f e-con-full e-flex wpr-particle-no wpr-jarallax-no wpr-parallax-no wpr-sticky-section-no e-con e-child\" data-id=\"008989f\" data-element_type=\"container\" data-e-type=\"container\">\n\t\t\t\t<div class=\"elementor-element elementor-element-2b345ae elementor-position-top elementor-widget elementor-widget-image-box\" data-id=\"2b345ae\" data-element_type=\"widget\" data-e-type=\"widget\" data-widget_type=\"image-box.default\">\n\t\t\t\t<div class=\"elementor-widget-container\">\n\t\t\t\t\t<div class=\"elementor-image-box-wrapper\"><figure class=\"elementor-image-box-img\"><img decoding=\"async\" width=\"2560\" height=\"2560\" src=\"https:\/\/life-smarthome.com\/wp-content\/uploads\/2025\/06\/icone-39-scaled.webp\" class=\"attachment-full size-full wp-image-2527\" alt=\"\" title=\"\" srcset=\"https:\/\/life-smarthome.com\/wp-content\/uploads\/2025\/06\/icone-39-scaled.webp 2560w, https:\/\/life-smarthome.com\/wp-content\/uploads\/2025\/06\/icone-39-300x300.webp 300w, https:\/\/life-smarthome.com\/wp-content\/uploads\/2025\/06\/icone-39-1024x1024.webp 1024w, https:\/\/life-smarthome.com\/wp-content\/uploads\/2025\/06\/icone-39-150x150.webp 150w, https:\/\/life-smarthome.com\/wp-content\/uploads\/2025\/06\/icone-39-768x768.webp 768w, https:\/\/life-smarthome.com\/wp-content\/uploads\/2025\/06\/icone-39-1536x1536.webp 1536w, https:\/\/life-smarthome.com\/wp-content\/uploads\/2025\/06\/icone-39-2048x2048.webp 2048w, https:\/\/life-smarthome.com\/wp-content\/uploads\/2025\/06\/icone-39-600x600.webp 600w, https:\/\/life-smarthome.com\/wp-content\/uploads\/2025\/06\/icone-39-100x100.webp 100w\" sizes=\"(max-width: 2560px) 100vw, 2560px\" \/><\/figure><div class=\"elementor-image-box-content\"><h3 class=\"elementor-image-box-title\">\u0625\u062f\u0627\u0631\u0629 \u0627\u0644\u0623\u062c\u0647\u0632\u0629 \u0627\u0644\u0645\u0646\u0632\u0644\u064a\u0629<\/h3><p class=\"elementor-image-box-description\">\u062a\u062d\u0643\u0651\u0645 \u0641\u064a \u0623\u062c\u0647\u0632\u062a\u0643 \u0639\u0646 \u0628\u064f\u0639\u062f \u0648\u0628\u0631\u0645\u062c\u0629 \u062a\u0634\u063a\u064a\u0644\u0647\u0627 \u0644\u062a\u0633\u062a\u0647\u0644\u0643 \u0643\u0645\u064a\u0627\u062a \u0623\u0642\u0644\u060c \u062f\u0648\u0646 \u0639\u0646\u0627\u0621.<\/p><\/div><\/div>\t\t\t\t<\/div>\n\t\t\t\t<\/div>\n\t\t\t\t<\/div>\n\t\t\t\t<\/div>\n\t\t<div class=\"elementor-element elementor-element-5e80194 e-con-full e-flex wpr-particle-no wpr-jarallax-no wpr-parallax-no wpr-sticky-section-no e-con e-child\" data-id=\"5e80194\" data-element_type=\"container\" data-e-type=\"container\">\n\t\t<div class=\"elementor-element elementor-element-a40d0ee e-con-full e-flex wpr-particle-no wpr-jarallax-no wpr-parallax-no wpr-sticky-section-no e-con e-child\" data-id=\"a40d0ee\" data-element_type=\"container\" data-e-type=\"container\">\n\t\t\t\t<div class=\"elementor-element elementor-element-04095ff elementor-position-top elementor-widget elementor-widget-image-box\" data-id=\"04095ff\" data-element_type=\"widget\" data-e-type=\"widget\" data-widget_type=\"image-box.default\">\n\t\t\t\t<div class=\"elementor-widget-container\">\n\t\t\t\t\t<div class=\"elementor-image-box-wrapper\"><figure class=\"elementor-image-box-img\"><img decoding=\"async\" width=\"2560\" height=\"2560\" src=\"https:\/\/life-smarthome.com\/wp-content\/uploads\/2025\/06\/icone-40-scaled.webp\" class=\"attachment-full size-full wp-image-2528\" alt=\"\" title=\"\" srcset=\"https:\/\/life-smarthome.com\/wp-content\/uploads\/2025\/06\/icone-40-scaled.webp 2560w, https:\/\/life-smarthome.com\/wp-content\/uploads\/2025\/06\/icone-40-300x300.webp 300w, https:\/\/life-smarthome.com\/wp-content\/uploads\/2025\/06\/icone-40-1024x1024.webp 1024w, https:\/\/life-smarthome.com\/wp-content\/uploads\/2025\/06\/icone-40-150x150.webp 150w, https:\/\/life-smarthome.com\/wp-content\/uploads\/2025\/06\/icone-40-768x768.webp 768w, https:\/\/life-smarthome.com\/wp-content\/uploads\/2025\/06\/icone-40-1536x1536.webp 1536w, https:\/\/life-smarthome.com\/wp-content\/uploads\/2025\/06\/icone-40-2048x2048.webp 2048w, https:\/\/life-smarthome.com\/wp-content\/uploads\/2025\/06\/icone-40-600x600.webp 600w, https:\/\/life-smarthome.com\/wp-content\/uploads\/2025\/06\/icone-40-100x100.webp 100w\" sizes=\"(max-width: 2560px) 100vw, 2560px\" \/><\/figure><div class=\"elementor-image-box-content\"><h3 class=\"elementor-image-box-title\">\u0625\u0646\u062a\u0627\u062c \u0627\u0644\u0637\u0627\u0642\u0629 \u0627\u0644\u0630\u0643\u064a<\/h3><p class=\"elementor-image-box-description\">\u0642\u0645 \u0628\u0625\u0646\u062a\u0627\u062c \u0627\u0644\u0643\u0647\u0631\u0628\u0627\u0621 \u0627\u0644\u062e\u0636\u0631\u0627\u0621 \u0627\u0644\u062e\u0627\u0635\u0629 \u0628\u0643 \u0648\u0627\u0633\u062a\u062e\u062f\u0645\u0647\u0627 \u0628\u062d\u0643\u0645\u0629 \u0644\u062a\u062d\u0642\u064a\u0642 \u0627\u0633\u062a\u0642\u0644\u0627\u0644\u064a\u0629 \u0623\u0643\u0628\u0631 \u0648\u062a\u0623\u062b\u064a\u0631 \u0628\u064a\u0626\u064a \u0623\u0641\u0636\u0644.<\/p><\/div><\/div>\t\t\t\t<\/div>\n\t\t\t\t<\/div>\n\t\t\t\t<\/div>\n\t\t<div class=\"elementor-element elementor-element-9fde3e7 e-con-full e-flex wpr-particle-no wpr-jarallax-no wpr-parallax-no wpr-sticky-section-no e-con e-child\" data-id=\"9fde3e7\" data-element_type=\"container\" data-e-type=\"container\">\n\t\t\t\t<div class=\"elementor-element elementor-element-a9b7f26 elementor-position-top elementor-widget elementor-widget-image-box\" data-id=\"a9b7f26\" data-element_type=\"widget\" data-e-type=\"widget\" data-widget_type=\"image-box.default\">\n\t\t\t\t<div class=\"elementor-widget-container\">\n\t\t\t\t\t<div class=\"elementor-image-box-wrapper\"><figure class=\"elementor-image-box-img\"><img loading=\"lazy\" decoding=\"async\" width=\"2560\" height=\"2560\" src=\"https:\/\/life-smarthome.com\/wp-content\/uploads\/2025\/06\/icone-41-scaled.webp\" class=\"attachment-full size-full wp-image-2529\" alt=\"\" title=\"\" srcset=\"https:\/\/life-smarthome.com\/wp-content\/uploads\/2025\/06\/icone-41-scaled.webp 2560w, https:\/\/life-smarthome.com\/wp-content\/uploads\/2025\/06\/icone-41-300x300.webp 300w, https:\/\/life-smarthome.com\/wp-content\/uploads\/2025\/06\/icone-41-1024x1024.webp 1024w, https:\/\/life-smarthome.com\/wp-content\/uploads\/2025\/06\/icone-41-150x150.webp 150w, https:\/\/life-smarthome.com\/wp-content\/uploads\/2025\/06\/icone-41-768x768.webp 768w, https:\/\/life-smarthome.com\/wp-content\/uploads\/2025\/06\/icone-41-1536x1536.webp 1536w, https:\/\/life-smarthome.com\/wp-content\/uploads\/2025\/06\/icone-41-2048x2048.webp 2048w, https:\/\/life-smarthome.com\/wp-content\/uploads\/2025\/06\/icone-41-600x600.webp 600w, https:\/\/life-smarthome.com\/wp-content\/uploads\/2025\/06\/icone-41-100x100.webp 100w\" sizes=\"(max-width: 2560px) 100vw, 2560px\" \/><\/figure><div class=\"elementor-image-box-content\"><h3 class=\"elementor-image-box-title\">\u0634\u062d\u0646 \u0627\u0644\u0633\u064a\u0627\u0631\u0627\u062a \u0627\u0644\u0643\u0647\u0631\u0628\u0627\u0626\u064a\u0629<\/h3><p class=\"elementor-image-box-description\">\u0623\u0639\u062f \u0634\u062d\u0646 \u0633\u064a\u0627\u0631\u062a\u0643 \u0641\u064a \u0623\u0641\u0636\u0644 \u0648\u0642\u062a \u0648\u0628\u0623\u0641\u0636\u0644 \u062a\u0643\u0644\u0641\u0629\u060c \u0628\u0627\u0633\u062a\u062e\u062f\u0627\u0645 \u0627\u0644\u0634\u0628\u0643\u0629 \u0623\u0648 \u0627\u0644\u0637\u0627\u0642\u0629 \u0627\u0644\u0634\u0645\u0633\u064a\u0629 \u0627\u0644\u062e\u0627\u0635\u0629 \u0628\u0643.<\/p><\/div><\/div>\t\t\t\t<\/div>\n\t\t\t\t<\/div>\n\t\t\t\t<\/div>\n\t\t\t\t<\/div>\n\t\t\t\t\t<\/div>\n\t\t\t\t<\/div>\n\t\t<div class=\"elementor-element elementor-element-482e3bf e-con-full e-flex wpr-particle-no wpr-jarallax-no wpr-parallax-no wpr-sticky-section-no e-con e-parent\" data-id=\"482e3bf\" data-element_type=\"container\" data-e-type=\"container\" data-settings=\"{&quot;background_background&quot;:&quot;classic&quot;}\">\n\t\t<div class=\"elementor-element elementor-element-3e63b99 e-con-full e-flex wpr-particle-no wpr-jarallax-no wpr-parallax-no wpr-sticky-section-no e-con e-child\" data-id=\"3e63b99\" data-element_type=\"container\" data-e-type=\"container\">\n\t\t\t\t<div class=\"elementor-element elementor-element-7b503b7 elementor-widget elementor-widget-heading\" data-id=\"7b503b7\" data-element_type=\"widget\" data-e-type=\"widget\" data-widget_type=\"heading.default\">\n\t\t\t\t<div class=\"elementor-widget-container\">\n\t\t\t\t\t<h2 class=\"elementor-heading-title elementor-size-default\">\u0627\u0644\u0637\u0627\u0642\u0629 \u0627\u0644\u0630\u0643\u064a\u0629\n<\/h2>\t\t\t\t<\/div>\n\t\t\t\t<\/div>\n\t\t\t\t<div class=\"elementor-element elementor-element-145f5be elementor-widget elementor-widget-text-editor\" data-id=\"145f5be\" data-element_type=\"widget\" data-e-type=\"widget\" data-widget_type=\"text-editor.default\">\n\t\t\t\t<div class=\"elementor-widget-container\">\n\t\t\t\t\t\t\t\t\t<p>\u062a\u062d\u0643\u0645 \u0641\u064a \u0637\u0627\u0642\u062a\u0643 \u0645\u0646 \u0627\u0644\u0623\u0644\u0641 \u0625\u0644\u0649 \u0627\u0644\u064a\u0627\u0621. \u0631\u0627\u0642\u0628 \u0627\u0633\u062a\u0647\u0644\u0627\u0643\u0643 \u0641\u064a \u0627\u0644\u0648\u0642\u062a \u0627\u0644\u0641\u0639\u0644\u064a\u060c \u0648\u062a\u062d\u0643\u064e\u0651\u0645 \u0641\u064a \u0623\u062c\u0647\u0632\u062a\u0643 \u0639\u0646 \u0628\u064f\u0639\u062f \u0644\u062a\u0648\u0641\u064a\u0631 \u0627\u0644\u0645\u0627\u0644\u060c \u0648\u0642\u0645 \u0628\u062a\u0648\u0644\u064a\u062f \u0627\u0644\u0643\u0647\u0631\u0628\u0627\u0621 \u0628\u0646\u0641\u0633\u0643 \u0648\u062d\u0633\u0650\u0651\u0646 \u0634\u062d\u0646 \u0633\u064a\u0627\u0631\u062a\u0643 \u0627\u0644\u0643\u0647\u0631\u0628\u0627\u0626\u064a\u0629. \u062d\u0644 \u0645\u062a\u0643\u0627\u0645\u0644 \u0644\u062a\u0642\u0644\u064a\u0644 \u0641\u0648\u0627\u062a\u064a\u0631\u0643 \u0648\u0628\u0635\u0645\u062a\u0643 \u0627\u0644\u0628\u064a\u0626\u064a\u0629.<\/p>\t\t\t\t\t\t\t\t<\/div>\n\t\t\t\t<\/div>\n\t\t\t\t<\/div>\n\t\t<div class=\"elementor-element elementor-element-a830f8d e-con-full e-flex wpr-particle-no wpr-jarallax-no wpr-parallax-no wpr-sticky-section-no e-con e-child\" data-id=\"a830f8d\" data-element_type=\"container\" data-e-type=\"container\">\n\t\t\t\t<div class=\"elementor-element elementor-element-ed9be94 elementor-widget elementor-widget-image\" data-id=\"ed9be94\" data-element_type=\"widget\" data-e-type=\"widget\" data-widget_type=\"image.default\">\n\t\t\t\t<div class=\"elementor-widget-container\">\n\t\t\t\t\t\t\t\t\t\t\t\t\t\t\t<img loading=\"lazy\" decoding=\"async\" width=\"868\" height=\"1024\" src=\"https:\/\/life-smarthome.com\/wp-content\/uploads\/2025\/05\/photo-20-868x1024.webp\" class=\"attachment-large size-large wp-image-1535\" alt=\"\" srcset=\"https:\/\/life-smarthome.com\/wp-content\/uploads\/2025\/05\/photo-20-868x1024.webp 868w, https:\/\/life-smarthome.com\/wp-content\/uploads\/2025\/05\/photo-20-scaled-600x708.webp 600w, https:\/\/life-smarthome.com\/wp-content\/uploads\/2025\/05\/photo-20-254x300.webp 254w, https:\/\/life-smarthome.com\/wp-content\/uploads\/2025\/05\/photo-20-768x906.webp 768w, https:\/\/life-smarthome.com\/wp-content\/uploads\/2025\/05\/photo-20-1302x1536.webp 1302w, https:\/\/life-smarthome.com\/wp-content\/uploads\/2025\/05\/photo-20-1736x2048.webp 1736w\" sizes=\"(max-width: 868px) 100vw, 868px\" title=\"\">\t\t\t\t\t\t\t\t\t\t\t\t\t\t\t<\/div>\n\t\t\t\t<\/div>\n\t\t\t\t<\/div>\n\t\t\t\t<\/div>\n\t\t\t\t<\/div>","protected":false},"excerpt":{"rendered":"<p>\u00c9nergie intelligente S\u00e9curit\u00e9, confort et efficacit\u00e9 : la technologie au service de votre bien-\u00eatre. \u00c9nergie intelligente R\u00e9duisez vos factures sans compromis. Suivez votre consommation en temps r\u00e9el et optimisez l\u2019usage de vos appareils avec des solutions \u00e9nerg\u00e9tiques durables et intelligentes. Suivi de la consommation \u00e9nerg\u00e9tique Identifiez en temps r\u00e9el o\u00f9 va votre \u00e9nergie et prenez les bonnes d\u00e9cisions pour r\u00e9duire vos factures. Gestion des appareils \u00e9lectrom\u00e9nagers Pilotez vos appareils \u00e0 distance et programmez leur fonctionnement pour consommer moins, sans effort. Production d&rsquo;\u00e9nergie intelligente Produisez votre propre \u00e9lectricit\u00e9 verte et utilisez-la intelligemment pour plus d&rsquo;autonomie et un meilleur impact \u00e9cologique. Recharge v\u00e9hicule \u00e9lectrique Rechargez votre v\u00e9hicule au meilleur moment et au meilleur co\u00fbt, en utilisant le r\u00e9seau ou votre propre \u00e9nergie solaire. \u00c9nergie intelligente Ma\u00eetrisez votre \u00e9nergie de A \u00e0 Z. Suivez votre consommation en temps r\u00e9el, pilotez vos appareils \u00e0 distance pour faire des \u00e9conomies, produisez votre propre \u00e9lectricit\u00e9 et optimisez la recharge de votre v\u00e9hicule \u00e9lectrique. Une solution compl\u00e8te pour r\u00e9duire vos factures et votre empreinte \u00e9cologique.<\/p>","protected":false},"author":1,"featured_media":0,"parent":1461,"menu_order":0,"comment_status":"closed","ping_status":"closed","template":"","meta":{"_acf_changed":false,"site-sidebar-layout":"no-sidebar","site-content-layout":"page-builder","ast-site-content-layout":"full-width-container","site-content-style":"unboxed","site-sidebar-style":"unboxed","ast-global-header-display":"","ast-banner-title-visibility":"","ast-main-header-display":"","ast-hfb-above-header-display":"","ast-hfb-below-header-display":"","ast-hfb-mobile-header-display":"","site-post-title":"disabled","ast-breadcrumbs-content":"","ast-featured-img":"disabled","footer-sml-layout":"","ast-disable-related-posts":"","theme-transparent-header-meta":"enabled","adv-header-id-meta":"","stick-header-meta":"","header-above-stick-meta":"","header-main-stick-meta":"","header-below-stick-meta":"","astra-migrate-meta-layouts":"set","ast-page-background-enabled":"default","ast-page-background-meta":{"desktop":{"background-color":"","background-image":"","background-repeat":"repeat","background-position":"center center","background-size":"auto","background-attachment":"scroll","background-type":"","background-media":"","overlay-type":"","overlay-color":"","overlay-opacity":"","overlay-gradient":""},"tablet":{"background-color":"","background-image":"","background-repeat":"repeat","background-position":"center center","background-size":"auto","background-attachment":"scroll","background-type":"","background-media":"","overlay-type":"","overlay-color":"","overlay-opacity":"","overlay-gradient":""},"mobile":{"background-color":"","background-image":"","background-repeat":"repeat","background-position":"center center","background-size":"auto","background-attachment":"scroll","background-type":"","background-media":"","overlay-type":"","overlay-color":"","overlay-opacity":"","overlay-gradient":""}},"ast-content-background-meta":{"desktop":{"background-color":"var(--ast-global-color-5)","background-image":"","background-repeat":"repeat","background-position":"center center","background-size":"auto","background-attachment":"scroll","background-type":"","background-media":"","overlay-type":"","overlay-color":"","overlay-opacity":"","overlay-gradient":""},"tablet":{"background-color":"var(--ast-global-color-5)","background-image":"","background-repeat":"repeat","background-position":"center center","background-size":"auto","background-attachment":"scroll","background-type":"","background-media":"","overlay-type":"","overlay-color":"","overlay-opacity":"","overlay-gradient":""},"mobile":{"background-color":"var(--ast-global-color-5)","background-image":"","background-repeat":"repeat","background-position":"center center","background-size":"auto","background-attachment":"scroll","background-type":"","background-media":"","overlay-type":"","overlay-color":"","overlay-opacity":"","overlay-gradient":""}},"footnotes":""},"class_list":["post-1895","page","type-page","status-publish","hentry"],"acf":[],"_links":{"self":[{"href":"https:\/\/life-smarthome.com\/ar\/wp-json\/wp\/v2\/pages\/1895","targetHints":{"allow":["GET"]}}],"collection":[{"href":"https:\/\/life-smarthome.com\/ar\/wp-json\/wp\/v2\/pages"}],"about":[{"href":"https:\/\/life-smarthome.com\/ar\/wp-json\/wp\/v2\/types\/page"}],"author":[{"embeddable":true,"href":"https:\/\/life-smarthome.com\/ar\/wp-json\/wp\/v2\/users\/1"}],"replies":[{"embeddable":true,"href":"https:\/\/life-smarthome.com\/ar\/wp-json\/wp\/v2\/comments?post=1895"}],"version-history":[{"count":9,"href":"https:\/\/life-smarthome.com\/ar\/wp-json\/wp\/v2\/pages\/1895\/revisions"}],"predecessor-version":[{"id":3519,"href":"https:\/\/life-smarthome.com\/ar\/wp-json\/wp\/v2\/pages\/1895\/revisions\/3519"}],"up":[{"embeddable":true,"href":"https:\/\/life-smarthome.com\/ar\/wp-json\/wp\/v2\/pages\/1461"}],"wp:attachment":[{"href":"https:\/\/life-smarthome.com\/ar\/wp-json\/wp\/v2\/media?parent=1895"}],"curies":[{"name":"wp","href":"https:\/\/api.w.org\/{rel}","templated":true}]}}