{"id":1527,"date":"2025-05-27T18:24:59","date_gmt":"2025-05-27T16:24:59","guid":{"rendered":"https:\/\/life-smarthome.com\/?page_id=1527"},"modified":"2025-07-07T11:46:23","modified_gmt":"2025-07-07T09:46:23","slug":"confort-et-automatisation","status":"publish","type":"page","link":"https:\/\/life-smarthome.com\/en\/domotique\/confort-et-automatisation\/","title":{"rendered":"Comfort and automation"},"content":{"rendered":"<div data-elementor-type=\"wp-page\" data-elementor-id=\"1527\" class=\"elementor elementor-1527\">\n\t\t\t\t<div class=\"elementor-element elementor-element-2cb5f4f e-flex e-con-boxed wpr-particle-no wpr-jarallax-no wpr-parallax-no wpr-sticky-section-no e-con e-parent\" data-id=\"2cb5f4f\" data-element_type=\"container\" data-e-type=\"container\" data-settings=\"{&quot;background_background&quot;:&quot;classic&quot;}\">\n\t\t\t\t\t<div class=\"e-con-inner\">\n\t\t<div class=\"elementor-element elementor-element-fe6a729 e-con-full e-flex wpr-particle-no wpr-jarallax-no wpr-parallax-no wpr-sticky-section-no e-con e-child\" data-id=\"fe6a729\" data-element_type=\"container\" data-e-type=\"container\">\n\t\t\t\t<div class=\"elementor-element elementor-element-c7345d2 elementor-widget elementor-widget-heading\" data-id=\"c7345d2\" data-element_type=\"widget\" data-e-type=\"widget\" data-widget_type=\"heading.default\">\n\t\t\t\t<div class=\"elementor-widget-container\">\n\t\t\t\t\t<h1 class=\"elementor-heading-title elementor-size-default\">Comfort and automation<\/h1>\t\t\t\t<\/div>\n\t\t\t\t<\/div>\n\t\t\t\t<div class=\"elementor-element elementor-element-8966e55 elementor-widget-divider--view-line elementor-widget elementor-widget-divider\" data-id=\"8966e55\" data-element_type=\"widget\" data-e-type=\"widget\" data-widget_type=\"divider.default\">\n\t\t\t\t<div class=\"elementor-widget-container\">\n\t\t\t\t\t\t\t<div class=\"elementor-divider\">\n\t\t\t<span class=\"elementor-divider-separator\">\n\t\t\t\t\t\t<\/span>\n\t\t<\/div>\n\t\t\t\t\t\t<\/div>\n\t\t\t\t<\/div>\n\t\t\t\t<div class=\"elementor-element elementor-element-7d44ad4 elementor-widget elementor-widget-text-editor\" data-id=\"7d44ad4\" data-element_type=\"widget\" data-e-type=\"widget\" data-widget_type=\"text-editor.default\">\n\t\t\t\t<div class=\"elementor-widget-container\">\n\t\t\t\t\t\t\t\t\t<p>Tailor-made comfort in a home that adapts to you.\u00a0<\/p>\t\t\t\t\t\t\t\t<\/div>\n\t\t\t\t<\/div>\n\t\t\t\t<\/div>\n\t\t\t\t\t<\/div>\n\t\t\t\t<\/div>\n\t\t<div class=\"elementor-element elementor-element-94ad6e0 e-flex e-con-boxed wpr-particle-no wpr-jarallax-no wpr-parallax-no wpr-sticky-section-no e-con e-parent\" data-id=\"94ad6e0\" data-element_type=\"container\" data-e-type=\"container\" data-settings=\"{&quot;background_background&quot;:&quot;classic&quot;}\">\n\t\t\t\t\t<div class=\"e-con-inner\">\n\t\t\t\t<div class=\"elementor-element elementor-element-1946055 elementor-widget elementor-widget-heading\" data-id=\"1946055\" data-element_type=\"widget\" data-e-type=\"widget\" data-widget_type=\"heading.default\">\n\t\t\t\t<div class=\"elementor-widget-container\">\n\t\t\t\t\t<h2 class=\"elementor-heading-title elementor-size-default\">Comfort and automation<\/h2>\t\t\t\t<\/div>\n\t\t\t\t<\/div>\n\t\t\t\t<div class=\"elementor-element elementor-element-614cfd0 elementor-widget elementor-widget-text-editor\" data-id=\"614cfd0\" data-element_type=\"widget\" data-e-type=\"widget\" data-widget_type=\"text-editor.default\">\n\t\t\t\t<div class=\"elementor-widget-container\">\n\t\t\t\t\t\t\t\t\t<p>Control your home with a simple gesture. With our intelligent solutions, you can automate your lighting, shutters, air conditioning and much more, for optimum daily comfort.<\/p>\t\t\t\t\t\t\t\t<\/div>\n\t\t\t\t<\/div>\n\t\t\t\t\t<\/div>\n\t\t\t\t<\/div>\n\t\t<div class=\"elementor-element elementor-element-c066b49 e-flex e-con-boxed wpr-particle-no wpr-jarallax-no wpr-parallax-no wpr-sticky-section-no e-con e-parent\" data-id=\"c066b49\" data-element_type=\"container\" data-e-type=\"container\">\n\t\t\t\t\t<div class=\"e-con-inner\">\n\t\t<div class=\"elementor-element elementor-element-6c18f25 e-con-full e-flex wpr-particle-no wpr-jarallax-no wpr-parallax-no wpr-sticky-section-no e-con e-child\" data-id=\"6c18f25\" data-element_type=\"container\" data-e-type=\"container\">\n\t\t<div class=\"elementor-element elementor-element-5db6a36 e-con-full e-flex wpr-particle-no wpr-jarallax-no wpr-parallax-no wpr-sticky-section-no e-con e-child\" data-id=\"5db6a36\" data-element_type=\"container\" data-e-type=\"container\">\n\t\t\t\t<div class=\"elementor-element elementor-element-80cac9f elementor-position-top elementor-widget elementor-widget-image-box\" data-id=\"80cac9f\" data-element_type=\"widget\" data-e-type=\"widget\" data-widget_type=\"image-box.default\">\n\t\t\t\t<div class=\"elementor-widget-container\">\n\t\t\t\t\t<div class=\"elementor-image-box-wrapper\"><figure class=\"elementor-image-box-img\"><img fetchpriority=\"high\" decoding=\"async\" width=\"2560\" height=\"2560\" src=\"https:\/\/life-smarthome.com\/wp-content\/uploads\/2025\/06\/icone-29-scaled.webp\" class=\"attachment-full size-full wp-image-2510\" alt=\"\" title=\"\" srcset=\"https:\/\/life-smarthome.com\/wp-content\/uploads\/2025\/06\/icone-29-scaled.webp 2560w, https:\/\/life-smarthome.com\/wp-content\/uploads\/2025\/06\/icone-29-300x300.webp 300w, https:\/\/life-smarthome.com\/wp-content\/uploads\/2025\/06\/icone-29-1024x1024.webp 1024w, https:\/\/life-smarthome.com\/wp-content\/uploads\/2025\/06\/icone-29-150x150.webp 150w, https:\/\/life-smarthome.com\/wp-content\/uploads\/2025\/06\/icone-29-768x768.webp 768w, https:\/\/life-smarthome.com\/wp-content\/uploads\/2025\/06\/icone-29-1536x1536.webp 1536w, https:\/\/life-smarthome.com\/wp-content\/uploads\/2025\/06\/icone-29-2048x2048.webp 2048w, https:\/\/life-smarthome.com\/wp-content\/uploads\/2025\/06\/icone-29-600x600.webp 600w, https:\/\/life-smarthome.com\/wp-content\/uploads\/2025\/06\/icone-29-100x100.webp 100w\" sizes=\"(max-width: 2560px) 100vw, 2560px\" \/><\/figure><div class=\"elementor-image-box-content\"><h3 class=\"elementor-image-box-title\">lighting management<\/h3><p class=\"elementor-image-box-description\">Create unique lighting moods and save energy. Control all your luminaires with a simple gesture, wherever you are.<\/p><\/div><\/div>\t\t\t\t<\/div>\n\t\t\t\t<\/div>\n\t\t\t\t<\/div>\n\t\t<div class=\"elementor-element elementor-element-008989f e-con-full e-flex wpr-particle-no wpr-jarallax-no wpr-parallax-no wpr-sticky-section-no e-con e-child\" data-id=\"008989f\" data-element_type=\"container\" data-e-type=\"container\">\n\t\t\t\t<div class=\"elementor-element elementor-element-2b345ae elementor-position-top elementor-widget elementor-widget-image-box\" data-id=\"2b345ae\" data-element_type=\"widget\" data-e-type=\"widget\" data-widget_type=\"image-box.default\">\n\t\t\t\t<div class=\"elementor-widget-container\">\n\t\t\t\t\t<div class=\"elementor-image-box-wrapper\"><figure class=\"elementor-image-box-img\"><img decoding=\"async\" width=\"2560\" height=\"2560\" src=\"https:\/\/life-smarthome.com\/wp-content\/uploads\/2025\/06\/icone-30-scaled.webp\" class=\"attachment-full size-full wp-image-2512\" alt=\"\" title=\"\" srcset=\"https:\/\/life-smarthome.com\/wp-content\/uploads\/2025\/06\/icone-30-scaled.webp 2560w, https:\/\/life-smarthome.com\/wp-content\/uploads\/2025\/06\/icone-30-300x300.webp 300w, https:\/\/life-smarthome.com\/wp-content\/uploads\/2025\/06\/icone-30-1024x1024.webp 1024w, https:\/\/life-smarthome.com\/wp-content\/uploads\/2025\/06\/icone-30-150x150.webp 150w, https:\/\/life-smarthome.com\/wp-content\/uploads\/2025\/06\/icone-30-768x768.webp 768w, https:\/\/life-smarthome.com\/wp-content\/uploads\/2025\/06\/icone-30-1536x1536.webp 1536w, https:\/\/life-smarthome.com\/wp-content\/uploads\/2025\/06\/icone-30-2048x2048.webp 2048w, https:\/\/life-smarthome.com\/wp-content\/uploads\/2025\/06\/icone-30-600x600.webp 600w, https:\/\/life-smarthome.com\/wp-content\/uploads\/2025\/06\/icone-30-100x100.webp 100w\" sizes=\"(max-width: 2560px) 100vw, 2560px\" \/><\/figure><div class=\"elementor-image-box-content\"><h3 class=\"elementor-image-box-title\">Shutter and awning control<\/h3><p class=\"elementor-image-box-description\">Manage natural light and protect your privacy effortlessly. Program your shutters and blinds to open and close automatically.<\/p><\/div><\/div>\t\t\t\t<\/div>\n\t\t\t\t<\/div>\n\t\t\t\t<\/div>\n\t\t\t\t<\/div>\n\t\t<div class=\"elementor-element elementor-element-5e80194 e-con-full e-flex wpr-particle-no wpr-jarallax-no wpr-parallax-no wpr-sticky-section-no e-con e-child\" data-id=\"5e80194\" data-element_type=\"container\" data-e-type=\"container\">\n\t\t<div class=\"elementor-element elementor-element-a40d0ee e-con-full e-flex wpr-particle-no wpr-jarallax-no wpr-parallax-no wpr-sticky-section-no e-con e-child\" data-id=\"a40d0ee\" data-element_type=\"container\" data-e-type=\"container\">\n\t\t\t\t<div class=\"elementor-element elementor-element-04095ff elementor-position-top elementor-widget elementor-widget-image-box\" data-id=\"04095ff\" data-element_type=\"widget\" data-e-type=\"widget\" data-widget_type=\"image-box.default\">\n\t\t\t\t<div class=\"elementor-widget-container\">\n\t\t\t\t\t<div class=\"elementor-image-box-wrapper\"><figure class=\"elementor-image-box-img\"><img decoding=\"async\" width=\"2560\" height=\"2560\" src=\"https:\/\/life-smarthome.com\/wp-content\/uploads\/2025\/06\/icone-31-scaled.webp\" class=\"attachment-full size-full wp-image-2513\" alt=\"\" title=\"\" srcset=\"https:\/\/life-smarthome.com\/wp-content\/uploads\/2025\/06\/icone-31-scaled.webp 2560w, https:\/\/life-smarthome.com\/wp-content\/uploads\/2025\/06\/icone-31-300x300.webp 300w, https:\/\/life-smarthome.com\/wp-content\/uploads\/2025\/06\/icone-31-1024x1024.webp 1024w, https:\/\/life-smarthome.com\/wp-content\/uploads\/2025\/06\/icone-31-150x150.webp 150w, https:\/\/life-smarthome.com\/wp-content\/uploads\/2025\/06\/icone-31-768x768.webp 768w, https:\/\/life-smarthome.com\/wp-content\/uploads\/2025\/06\/icone-31-1536x1536.webp 1536w, https:\/\/life-smarthome.com\/wp-content\/uploads\/2025\/06\/icone-31-2048x2048.webp 2048w, https:\/\/life-smarthome.com\/wp-content\/uploads\/2025\/06\/icone-31-600x600.webp 600w, https:\/\/life-smarthome.com\/wp-content\/uploads\/2025\/06\/icone-31-100x100.webp 100w\" sizes=\"(max-width: 2560px) 100vw, 2560px\" \/><\/figure><div class=\"elementor-image-box-content\"><h3 class=\"elementor-image-box-title\">Heating\/air conditioning control<\/h3><p class=\"elementor-image-box-description\">Achieve the ideal temperature in every room while controlling your energy consumption. Perfect comfort, lower bills.<\/p><\/div><\/div>\t\t\t\t<\/div>\n\t\t\t\t<\/div>\n\t\t\t\t<\/div>\n\t\t<div class=\"elementor-element elementor-element-9fde3e7 e-con-full e-flex wpr-particle-no wpr-jarallax-no wpr-parallax-no wpr-sticky-section-no e-con e-child\" data-id=\"9fde3e7\" data-element_type=\"container\" data-e-type=\"container\">\n\t\t\t\t<div class=\"elementor-element elementor-element-a9b7f26 elementor-position-top elementor-widget elementor-widget-image-box\" data-id=\"a9b7f26\" data-element_type=\"widget\" data-e-type=\"widget\" data-widget_type=\"image-box.default\">\n\t\t\t\t<div class=\"elementor-widget-container\">\n\t\t\t\t\t<div class=\"elementor-image-box-wrapper\"><figure class=\"elementor-image-box-img\"><img loading=\"lazy\" decoding=\"async\" width=\"2560\" height=\"2560\" src=\"https:\/\/life-smarthome.com\/wp-content\/uploads\/2025\/06\/icone-32-scaled.webp\" class=\"attachment-full size-full wp-image-2514\" alt=\"\" title=\"\" srcset=\"https:\/\/life-smarthome.com\/wp-content\/uploads\/2025\/06\/icone-32-scaled.webp 2560w, https:\/\/life-smarthome.com\/wp-content\/uploads\/2025\/06\/icone-32-300x300.webp 300w, https:\/\/life-smarthome.com\/wp-content\/uploads\/2025\/06\/icone-32-1024x1024.webp 1024w, https:\/\/life-smarthome.com\/wp-content\/uploads\/2025\/06\/icone-32-150x150.webp 150w, https:\/\/life-smarthome.com\/wp-content\/uploads\/2025\/06\/icone-32-768x768.webp 768w, https:\/\/life-smarthome.com\/wp-content\/uploads\/2025\/06\/icone-32-1536x1536.webp 1536w, https:\/\/life-smarthome.com\/wp-content\/uploads\/2025\/06\/icone-32-2048x2048.webp 2048w, https:\/\/life-smarthome.com\/wp-content\/uploads\/2025\/06\/icone-32-600x600.webp 600w, https:\/\/life-smarthome.com\/wp-content\/uploads\/2025\/06\/icone-32-100x100.webp 100w\" sizes=\"(max-width: 2560px) 100vw, 2560px\" \/><\/figure><div class=\"elementor-image-box-content\"><h3 class=\"elementor-image-box-title\">Customized scenarios<\/h3><p class=\"elementor-image-box-description\"> Your home obeys your every command. With a single click, activate predefined moods: \"Departure\", \"Cinema\", \"Wake-up\" or \"Vacation\".<\/p><\/div><\/div>\t\t\t\t<\/div>\n\t\t\t\t<\/div>\n\t\t\t\t<\/div>\n\t\t\t\t<\/div>\n\t\t\t\t\t<\/div>\n\t\t\t\t<\/div>\n\t\t<div class=\"elementor-element elementor-element-482e3bf e-con-full e-flex wpr-particle-no wpr-jarallax-no wpr-parallax-no wpr-sticky-section-no e-con e-parent\" data-id=\"482e3bf\" data-element_type=\"container\" data-e-type=\"container\" data-settings=\"{&quot;background_background&quot;:&quot;classic&quot;}\">\n\t\t<div class=\"elementor-element elementor-element-3e63b99 e-con-full e-flex wpr-particle-no wpr-jarallax-no wpr-parallax-no wpr-sticky-section-no e-con e-child\" data-id=\"3e63b99\" data-element_type=\"container\" data-e-type=\"container\">\n\t\t\t\t<div class=\"elementor-element elementor-element-7b503b7 elementor-widget elementor-widget-heading\" data-id=\"7b503b7\" data-element_type=\"widget\" data-e-type=\"widget\" data-widget_type=\"heading.default\">\n\t\t\t\t<div class=\"elementor-widget-container\">\n\t\t\t\t\t<h2 class=\"elementor-heading-title elementor-size-default\">Absolute comfort, without thinking about it:\n<\/h2>\t\t\t\t<\/div>\n\t\t\t\t<\/div>\n\t\t\t\t<div class=\"elementor-element elementor-element-145f5be elementor-widget elementor-widget-text-editor\" data-id=\"145f5be\" data-element_type=\"widget\" data-e-type=\"widget\" data-widget_type=\"text-editor.default\">\n\t\t\t\t<div class=\"elementor-widget-container\">\n\t\t\t\t\t\t\t\t\t<p>Your home becomes an extension of yourself. In the morning, the shutters open gently to let you emerge to the rhythm of natural light, the heating has already reached your preferred temperature and your coffee machine starts up. In the evening, with a simple \"Good night\", all the lights go out, the doors lock and the temperature adjusts for a perfect night's sleep.<\/p>\t\t\t\t\t\t\t\t<\/div>\n\t\t\t\t<\/div>\n\t\t\t\t<\/div>\n\t\t<div class=\"elementor-element elementor-element-a830f8d e-con-full e-flex wpr-particle-no wpr-jarallax-no wpr-parallax-no wpr-sticky-section-no e-con e-child\" data-id=\"a830f8d\" data-element_type=\"container\" data-e-type=\"container\">\n\t\t\t\t<div class=\"elementor-element elementor-element-ed9be94 elementor-widget elementor-widget-image\" data-id=\"ed9be94\" data-element_type=\"widget\" data-e-type=\"widget\" data-widget_type=\"image.default\">\n\t\t\t\t<div class=\"elementor-widget-container\">\n\t\t\t\t\t\t\t\t\t\t\t\t\t\t\t<img loading=\"lazy\" decoding=\"async\" width=\"868\" height=\"1024\" src=\"https:\/\/life-smarthome.com\/wp-content\/uploads\/2025\/05\/photo-20-868x1024.webp\" class=\"attachment-large size-large wp-image-1535\" alt=\"\" srcset=\"https:\/\/life-smarthome.com\/wp-content\/uploads\/2025\/05\/photo-20-868x1024.webp 868w, https:\/\/life-smarthome.com\/wp-content\/uploads\/2025\/05\/photo-20-scaled-600x708.webp 600w, https:\/\/life-smarthome.com\/wp-content\/uploads\/2025\/05\/photo-20-254x300.webp 254w, https:\/\/life-smarthome.com\/wp-content\/uploads\/2025\/05\/photo-20-768x906.webp 768w, https:\/\/life-smarthome.com\/wp-content\/uploads\/2025\/05\/photo-20-1302x1536.webp 1302w, https:\/\/life-smarthome.com\/wp-content\/uploads\/2025\/05\/photo-20-1736x2048.webp 1736w\" sizes=\"(max-width: 868px) 100vw, 868px\" title=\"\">\t\t\t\t\t\t\t\t\t\t\t\t\t\t\t<\/div>\n\t\t\t\t<\/div>\n\t\t\t\t<\/div>\n\t\t\t\t<\/div>\n\t\t\t\t<\/div>","protected":false},"excerpt":{"rendered":"<p>Confort et automatisation Le confort sur mesure d\u2019une maison qui s\u2019adapte \u00e0 vous.\u00a0 Confort et automatisation Pilotez votre maison d\u2019un simple geste. Gr\u00e2ce \u00e0 nos solutions intelligentes, automatisez vos \u00e9clairages, volets, climatisation et plus encore, pour un confort quotidien optimal. gestion de l&rsquo;\u00e9clairage Cr\u00e9ez des ambiances lumineuses uniques et r\u00e9alisez des \u00e9conomies d&rsquo;\u00e9nergie. Contr\u00f4lez tous vos luminaires d&rsquo;un simple geste, o\u00f9 que vous soyez. Commande des volets roulants et stores G\u00e9rez la lumi\u00e8re naturelle et prot\u00e9gez votre intimit\u00e9 sans effort. Programmez l&rsquo;ouverture et la fermeture automatiques de vos volets et stores. R\u00e9gulation du chauffage\/ climatisation Atteignez une temp\u00e9rature id\u00e9ale dans chaque pi\u00e8ce tout en ma\u00eetrisant votre consommation. Un confort parfait, des factures all\u00e9g\u00e9es. Sc\u00e9narios personnalis\u00e9s Votre maison vous ob\u00e9it au doigt et \u00e0 l&rsquo;\u0153il. D&rsquo;un seul clic, activez des ambiances pr\u00e9d\u00e9finies : \u00ab\u00a0D\u00e9part\u00a0\u00bb, \u00ab\u00a0Cin\u00e9ma\u00a0\u00bb, \u00ab\u00a0R\u00e9veil\u00a0\u00bb ou \u00ab\u00a0Vacances\u00a0\u00bb. Le confort absolu, sans y penser : Votre maison devient une extension de vous-m\u00eame. Le matin, les volets s&rsquo;ouvrent doucement pour vous laisser \u00e9merger au rythme de la lumi\u00e8re naturelle, le chauffage a d\u00e9j\u00e0 atteint votre temp\u00e9rature de pr\u00e9dilection et votre machine \u00e0 caf\u00e9 se met en route. Le soir, d&rsquo;un simple \u00ab\u00a0Bonne nuit\u00a0\u00bb, toutes les lumi\u00e8res s&rsquo;\u00e9teignent, les portes se verrouillent et la temp\u00e9rature s&rsquo;ajuste pour un sommeil parfait.<\/p>","protected":false},"author":1,"featured_media":0,"parent":1461,"menu_order":0,"comment_status":"closed","ping_status":"closed","template":"","meta":{"_acf_changed":false,"site-sidebar-layout":"no-sidebar","site-content-layout":"page-builder","ast-site-content-layout":"full-width-container","site-content-style":"unboxed","site-sidebar-style":"unboxed","ast-global-header-display":"","ast-banner-title-visibility":"","ast-main-header-display":"","ast-hfb-above-header-display":"","ast-hfb-below-header-display":"","ast-hfb-mobile-header-display":"","site-post-title":"disabled","ast-breadcrumbs-content":"","ast-featured-img":"disabled","footer-sml-layout":"","ast-disable-related-posts":"","theme-transparent-header-meta":"enabled","adv-header-id-meta":"","stick-header-meta":"","header-above-stick-meta":"","header-main-stick-meta":"","header-below-stick-meta":"","astra-migrate-meta-layouts":"set","ast-page-background-enabled":"default","ast-page-background-meta":{"desktop":{"background-color":"","background-image":"","background-repeat":"repeat","background-position":"center center","background-size":"auto","background-attachment":"scroll","background-type":"","background-media":"","overlay-type":"","overlay-color":"","overlay-opacity":"","overlay-gradient":""},"tablet":{"background-color":"","background-image":"","background-repeat":"repeat","background-position":"center center","background-size":"auto","background-attachment":"scroll","background-type":"","background-media":"","overlay-type":"","overlay-color":"","overlay-opacity":"","overlay-gradient":""},"mobile":{"background-color":"","background-image":"","background-repeat":"repeat","background-position":"center center","background-size":"auto","background-attachment":"scroll","background-type":"","background-media":"","overlay-type":"","overlay-color":"","overlay-opacity":"","overlay-gradient":""}},"ast-content-background-meta":{"desktop":{"background-color":"var(--ast-global-color-5)","background-image":"","background-repeat":"repeat","background-position":"center center","background-size":"auto","background-attachment":"scroll","background-type":"","background-media":"","overlay-type":"","overlay-color":"","overlay-opacity":"","overlay-gradient":""},"tablet":{"background-color":"var(--ast-global-color-5)","background-image":"","background-repeat":"repeat","background-position":"center center","background-size":"auto","background-attachment":"scroll","background-type":"","background-media":"","overlay-type":"","overlay-color":"","overlay-opacity":"","overlay-gradient":""},"mobile":{"background-color":"var(--ast-global-color-5)","background-image":"","background-repeat":"repeat","background-position":"center center","background-size":"auto","background-attachment":"scroll","background-type":"","background-media":"","overlay-type":"","overlay-color":"","overlay-opacity":"","overlay-gradient":""}},"footnotes":""},"class_list":["post-1527","page","type-page","status-publish","hentry"],"acf":[],"_links":{"self":[{"href":"https:\/\/life-smarthome.com\/en\/wp-json\/wp\/v2\/pages\/1527","targetHints":{"allow":["GET"]}}],"collection":[{"href":"https:\/\/life-smarthome.com\/en\/wp-json\/wp\/v2\/pages"}],"about":[{"href":"https:\/\/life-smarthome.com\/en\/wp-json\/wp\/v2\/types\/page"}],"author":[{"embeddable":true,"href":"https:\/\/life-smarthome.com\/en\/wp-json\/wp\/v2\/users\/1"}],"replies":[{"embeddable":true,"href":"https:\/\/life-smarthome.com\/en\/wp-json\/wp\/v2\/comments?post=1527"}],"version-history":[{"count":3,"href":"https:\/\/life-smarthome.com\/en\/wp-json\/wp\/v2\/pages\/1527\/revisions"}],"predecessor-version":[{"id":3513,"href":"https:\/\/life-smarthome.com\/en\/wp-json\/wp\/v2\/pages\/1527\/revisions\/3513"}],"up":[{"embeddable":true,"href":"https:\/\/life-smarthome.com\/en\/wp-json\/wp\/v2\/pages\/1461"}],"wp:attachment":[{"href":"https:\/\/life-smarthome.com\/en\/wp-json\/wp\/v2\/media?parent=1527"}],"curies":[{"name":"wp","href":"https:\/\/api.w.org\/{rel}","templated":true}]}}