{"id":1894,"date":"2025-06-03T16:17:54","date_gmt":"2025-06-03T14:17:54","guid":{"rendered":"https:\/\/life-smarthome.com\/?page_id=1894"},"modified":"2025-07-07T11:46:37","modified_gmt":"2025-07-07T09:46:37","slug":"securite","status":"publish","type":"page","link":"https:\/\/life-smarthome.com\/en\/domotique\/securite\/","title":{"rendered":"Security"},"content":{"rendered":"<div data-elementor-type=\"wp-page\" data-elementor-id=\"1894\" class=\"elementor elementor-1894\">\n\t\t\t\t<div class=\"elementor-element elementor-element-2cb5f4f e-flex e-con-boxed wpr-particle-no wpr-jarallax-no wpr-parallax-no wpr-sticky-section-no e-con e-parent\" data-id=\"2cb5f4f\" data-element_type=\"container\" data-e-type=\"container\" data-settings=\"{&quot;background_background&quot;:&quot;classic&quot;}\">\n\t\t\t\t\t<div class=\"e-con-inner\">\n\t\t<div class=\"elementor-element elementor-element-fe6a729 e-con-full e-flex wpr-particle-no wpr-jarallax-no wpr-parallax-no wpr-sticky-section-no e-con e-child\" data-id=\"fe6a729\" data-element_type=\"container\" data-e-type=\"container\">\n\t\t\t\t<div class=\"elementor-element elementor-element-c7345d2 elementor-widget elementor-widget-heading\" data-id=\"c7345d2\" data-element_type=\"widget\" data-e-type=\"widget\" data-widget_type=\"heading.default\">\n\t\t\t\t<div class=\"elementor-widget-container\">\n\t\t\t\t\t<h1 class=\"elementor-heading-title elementor-size-default\">Security<\/h1>\t\t\t\t<\/div>\n\t\t\t\t<\/div>\n\t\t\t\t<div class=\"elementor-element elementor-element-8966e55 elementor-widget-divider--view-line elementor-widget elementor-widget-divider\" data-id=\"8966e55\" data-element_type=\"widget\" data-e-type=\"widget\" data-widget_type=\"divider.default\">\n\t\t\t\t<div class=\"elementor-widget-container\">\n\t\t\t\t\t\t\t<div class=\"elementor-divider\">\n\t\t\t<span class=\"elementor-divider-separator\">\n\t\t\t\t\t\t<\/span>\n\t\t<\/div>\n\t\t\t\t\t\t<\/div>\n\t\t\t\t<\/div>\n\t\t\t\t<div class=\"elementor-element elementor-element-7d44ad4 elementor-widget elementor-widget-text-editor\" data-id=\"7d44ad4\" data-element_type=\"widget\" data-e-type=\"widget\" data-widget_type=\"text-editor.default\">\n\t\t\t\t<div class=\"elementor-widget-container\">\n\t\t\t\t\t\t\t\t\t<p>Safety, comfort and efficiency: technology for your well-being.<\/p>\t\t\t\t\t\t\t\t<\/div>\n\t\t\t\t<\/div>\n\t\t\t\t<\/div>\n\t\t\t\t\t<\/div>\n\t\t\t\t<\/div>\n\t\t<div class=\"elementor-element elementor-element-94ad6e0 e-flex e-con-boxed wpr-particle-no wpr-jarallax-no wpr-parallax-no wpr-sticky-section-no e-con e-parent\" data-id=\"94ad6e0\" data-element_type=\"container\" data-e-type=\"container\" data-settings=\"{&quot;background_background&quot;:&quot;classic&quot;}\">\n\t\t\t\t\t<div class=\"e-con-inner\">\n\t\t\t\t<div class=\"elementor-element elementor-element-1946055 elementor-widget elementor-widget-heading\" data-id=\"1946055\" data-element_type=\"widget\" data-e-type=\"widget\" data-widget_type=\"heading.default\">\n\t\t\t\t<div class=\"elementor-widget-container\">\n\t\t\t\t\t<h2 class=\"elementor-heading-title elementor-size-default\">Security<\/h2>\t\t\t\t<\/div>\n\t\t\t\t<\/div>\n\t\t\t\t<div class=\"elementor-element elementor-element-614cfd0 elementor-widget elementor-widget-text-editor\" data-id=\"614cfd0\" data-element_type=\"widget\" data-e-type=\"widget\" data-widget_type=\"text-editor.default\">\n\t\t\t\t<div class=\"elementor-widget-container\">\n\t\t\t\t\t\t\t\t\t<p>Protect what matters. From video surveillance to connected alarms, we set up intelligent, discreet and responsive security systems that can be accessed remotely.<\/p>\t\t\t\t\t\t\t\t<\/div>\n\t\t\t\t<\/div>\n\t\t\t\t\t<\/div>\n\t\t\t\t<\/div>\n\t\t<div class=\"elementor-element elementor-element-c066b49 e-flex e-con-boxed wpr-particle-no wpr-jarallax-no wpr-parallax-no wpr-sticky-section-no e-con e-parent\" data-id=\"c066b49\" data-element_type=\"container\" data-e-type=\"container\">\n\t\t\t\t\t<div class=\"e-con-inner\">\n\t\t<div class=\"elementor-element elementor-element-6c18f25 e-con-full e-flex wpr-particle-no wpr-jarallax-no wpr-parallax-no wpr-sticky-section-no e-con e-child\" data-id=\"6c18f25\" data-element_type=\"container\" data-e-type=\"container\">\n\t\t<div class=\"elementor-element elementor-element-5db6a36 e-con-full e-flex wpr-particle-no wpr-jarallax-no wpr-parallax-no wpr-sticky-section-no e-con e-child\" data-id=\"5db6a36\" data-element_type=\"container\" data-e-type=\"container\">\n\t\t\t\t<div class=\"elementor-element elementor-element-80cac9f elementor-position-top elementor-widget elementor-widget-image-box\" data-id=\"80cac9f\" data-element_type=\"widget\" data-e-type=\"widget\" data-widget_type=\"image-box.default\">\n\t\t\t\t<div class=\"elementor-widget-container\">\n\t\t\t\t\t<div class=\"elementor-image-box-wrapper\"><figure class=\"elementor-image-box-img\"><img fetchpriority=\"high\" decoding=\"async\" width=\"2560\" height=\"2560\" src=\"https:\/\/life-smarthome.com\/wp-content\/uploads\/2025\/06\/icone-33-scaled.webp\" class=\"attachment-full size-full wp-image-2518\" alt=\"\" title=\"\" srcset=\"https:\/\/life-smarthome.com\/wp-content\/uploads\/2025\/06\/icone-33-scaled.webp 2560w, https:\/\/life-smarthome.com\/wp-content\/uploads\/2025\/06\/icone-33-300x300.webp 300w, https:\/\/life-smarthome.com\/wp-content\/uploads\/2025\/06\/icone-33-1024x1024.webp 1024w, https:\/\/life-smarthome.com\/wp-content\/uploads\/2025\/06\/icone-33-150x150.webp 150w, https:\/\/life-smarthome.com\/wp-content\/uploads\/2025\/06\/icone-33-768x768.webp 768w, https:\/\/life-smarthome.com\/wp-content\/uploads\/2025\/06\/icone-33-1536x1536.webp 1536w, https:\/\/life-smarthome.com\/wp-content\/uploads\/2025\/06\/icone-33-2048x2048.webp 2048w, https:\/\/life-smarthome.com\/wp-content\/uploads\/2025\/06\/icone-33-600x600.webp 600w, https:\/\/life-smarthome.com\/wp-content\/uploads\/2025\/06\/icone-33-100x100.webp 100w\" sizes=\"(max-width: 2560px) 100vw, 2560px\" \/><\/figure><div class=\"elementor-image-box-content\"><h3 class=\"elementor-image-box-title\">Connected alarm system<\/h3><p class=\"elementor-image-box-description\">Receive instant alerts on your smartphone in the event of an intrusion, and act remotely. Active protection, 24\/7.<\/p><\/div><\/div>\t\t\t\t<\/div>\n\t\t\t\t<\/div>\n\t\t\t\t<\/div>\n\t\t<div class=\"elementor-element elementor-element-4477d62 e-con-full e-flex wpr-particle-no wpr-jarallax-no wpr-parallax-no wpr-sticky-section-no e-con e-child\" data-id=\"4477d62\" data-element_type=\"container\" data-e-type=\"container\">\n\t\t\t\t<div class=\"elementor-element elementor-element-be7e8e4 elementor-position-top elementor-widget elementor-widget-image-box\" data-id=\"be7e8e4\" data-element_type=\"widget\" data-e-type=\"widget\" data-widget_type=\"image-box.default\">\n\t\t\t\t<div class=\"elementor-widget-container\">\n\t\t\t\t\t<div class=\"elementor-image-box-wrapper\"><figure class=\"elementor-image-box-img\"><img decoding=\"async\" width=\"2560\" height=\"2560\" src=\"https:\/\/life-smarthome.com\/wp-content\/uploads\/2025\/06\/icone-34-scaled.webp\" class=\"attachment-full size-full wp-image-2519\" alt=\"\" title=\"\" srcset=\"https:\/\/life-smarthome.com\/wp-content\/uploads\/2025\/06\/icone-34-scaled.webp 2560w, https:\/\/life-smarthome.com\/wp-content\/uploads\/2025\/06\/icone-34-300x300.webp 300w, https:\/\/life-smarthome.com\/wp-content\/uploads\/2025\/06\/icone-34-1024x1024.webp 1024w, https:\/\/life-smarthome.com\/wp-content\/uploads\/2025\/06\/icone-34-150x150.webp 150w, https:\/\/life-smarthome.com\/wp-content\/uploads\/2025\/06\/icone-34-768x768.webp 768w, https:\/\/life-smarthome.com\/wp-content\/uploads\/2025\/06\/icone-34-1536x1536.webp 1536w, https:\/\/life-smarthome.com\/wp-content\/uploads\/2025\/06\/icone-34-2048x2048.webp 2048w, https:\/\/life-smarthome.com\/wp-content\/uploads\/2025\/06\/icone-34-600x600.webp 600w, https:\/\/life-smarthome.com\/wp-content\/uploads\/2025\/06\/icone-34-100x100.webp 100w\" sizes=\"(max-width: 2560px) 100vw, 2560px\" \/><\/figure><div class=\"elementor-image-box-content\"><h3 class=\"elementor-image-box-title\">Video surveillance<\/h3><p class=\"elementor-image-box-description\">Keep an eye on your home, wherever you are. View live feeds, consult recordings and never miss an important event.<\/p><\/div><\/div>\t\t\t\t<\/div>\n\t\t\t\t<\/div>\n\t\t\t\t<\/div>\n\t\t<div class=\"elementor-element elementor-element-008989f e-con-full e-flex wpr-particle-no wpr-jarallax-no wpr-parallax-no wpr-sticky-section-no e-con e-child\" data-id=\"008989f\" data-element_type=\"container\" data-e-type=\"container\">\n\t\t\t\t<div class=\"elementor-element elementor-element-ab61d76 elementor-position-top elementor-widget elementor-widget-image-box\" data-id=\"ab61d76\" data-element_type=\"widget\" data-e-type=\"widget\" data-widget_type=\"image-box.default\">\n\t\t\t\t<div class=\"elementor-widget-container\">\n\t\t\t\t\t<div class=\"elementor-image-box-wrapper\"><figure class=\"elementor-image-box-img\"><img decoding=\"async\" width=\"2560\" height=\"2560\" src=\"https:\/\/life-smarthome.com\/wp-content\/uploads\/2025\/06\/icone-35-scaled.webp\" class=\"attachment-full size-full wp-image-2520\" alt=\"\" title=\"\" srcset=\"https:\/\/life-smarthome.com\/wp-content\/uploads\/2025\/06\/icone-35-scaled.webp 2560w, https:\/\/life-smarthome.com\/wp-content\/uploads\/2025\/06\/icone-35-300x300.webp 300w, https:\/\/life-smarthome.com\/wp-content\/uploads\/2025\/06\/icone-35-1024x1024.webp 1024w, https:\/\/life-smarthome.com\/wp-content\/uploads\/2025\/06\/icone-35-150x150.webp 150w, https:\/\/life-smarthome.com\/wp-content\/uploads\/2025\/06\/icone-35-768x768.webp 768w, https:\/\/life-smarthome.com\/wp-content\/uploads\/2025\/06\/icone-35-1536x1536.webp 1536w, https:\/\/life-smarthome.com\/wp-content\/uploads\/2025\/06\/icone-35-2048x2048.webp 2048w, https:\/\/life-smarthome.com\/wp-content\/uploads\/2025\/06\/icone-35-600x600.webp 600w, https:\/\/life-smarthome.com\/wp-content\/uploads\/2025\/06\/icone-35-100x100.webp 100w\" sizes=\"(max-width: 2560px) 100vw, 2560px\" \/><\/figure><div class=\"elementor-image-box-content\"><h3 class=\"elementor-image-box-title\">Smoke, gas and CO detectors<\/h3><p class=\"elementor-image-box-description\">Protect your loved ones from invisible dangers. Our connected detectors alert you immediately on your phone in the event of smoke, gas leaks or the presence of carbon monoxide, even when you're away.<\/p><\/div><\/div>\t\t\t\t<\/div>\n\t\t\t\t<\/div>\n\t\t\t\t<\/div>\n\t\t\t\t<\/div>\n\t\t<div class=\"elementor-element elementor-element-5e80194 e-con-full e-flex wpr-particle-no wpr-jarallax-no wpr-parallax-no wpr-sticky-section-no e-con e-child\" data-id=\"5e80194\" data-element_type=\"container\" data-e-type=\"container\">\n\t\t<div class=\"elementor-element elementor-element-a40d0ee e-con-full e-flex wpr-particle-no wpr-jarallax-no wpr-parallax-no wpr-sticky-section-no e-con e-child\" data-id=\"a40d0ee\" data-element_type=\"container\" data-e-type=\"container\">\n\t\t\t\t<div class=\"elementor-element elementor-element-04095ff elementor-position-top elementor-widget elementor-widget-image-box\" data-id=\"04095ff\" data-element_type=\"widget\" data-e-type=\"widget\" data-widget_type=\"image-box.default\">\n\t\t\t\t<div class=\"elementor-widget-container\">\n\t\t\t\t\t<div class=\"elementor-image-box-wrapper\"><figure class=\"elementor-image-box-img\"><img loading=\"lazy\" decoding=\"async\" width=\"2560\" height=\"2560\" src=\"https:\/\/life-smarthome.com\/wp-content\/uploads\/2025\/06\/icone-36-scaled.webp\" class=\"attachment-full size-full wp-image-2521\" alt=\"\" title=\"\" srcset=\"https:\/\/life-smarthome.com\/wp-content\/uploads\/2025\/06\/icone-36-scaled.webp 2560w, https:\/\/life-smarthome.com\/wp-content\/uploads\/2025\/06\/icone-36-300x300.webp 300w, https:\/\/life-smarthome.com\/wp-content\/uploads\/2025\/06\/icone-36-1024x1024.webp 1024w, https:\/\/life-smarthome.com\/wp-content\/uploads\/2025\/06\/icone-36-150x150.webp 150w, https:\/\/life-smarthome.com\/wp-content\/uploads\/2025\/06\/icone-36-768x768.webp 768w, https:\/\/life-smarthome.com\/wp-content\/uploads\/2025\/06\/icone-36-1536x1536.webp 1536w, https:\/\/life-smarthome.com\/wp-content\/uploads\/2025\/06\/icone-36-2048x2048.webp 2048w, https:\/\/life-smarthome.com\/wp-content\/uploads\/2025\/06\/icone-36-600x600.webp 600w, https:\/\/life-smarthome.com\/wp-content\/uploads\/2025\/06\/icone-36-100x100.webp 100w\" sizes=\"(max-width: 2560px) 100vw, 2560px\" \/><\/figure><div class=\"elementor-image-box-content\"><h3 class=\"elementor-image-box-title\">Access control<\/h3><p class=\"elementor-image-box-description\">Easily manage who enters and leaves your home or premises. Unlock your doors remotely, create temporary accesses for your guests and track access history for controlled security.<\/p><\/div><\/div>\t\t\t\t<\/div>\n\t\t\t\t<\/div>\n\t\t\t\t<\/div>\n\t\t<div class=\"elementor-element elementor-element-9fde3e7 e-con-full e-flex wpr-particle-no wpr-jarallax-no wpr-parallax-no wpr-sticky-section-no e-con e-child\" data-id=\"9fde3e7\" data-element_type=\"container\" data-e-type=\"container\">\n\t\t\t\t<div class=\"elementor-element elementor-element-a9b7f26 elementor-position-top elementor-widget elementor-widget-image-box\" data-id=\"a9b7f26\" data-element_type=\"widget\" data-e-type=\"widget\" data-widget_type=\"image-box.default\">\n\t\t\t\t<div class=\"elementor-widget-container\">\n\t\t\t\t\t<div class=\"elementor-image-box-wrapper\"><figure class=\"elementor-image-box-img\"><img loading=\"lazy\" decoding=\"async\" width=\"2560\" height=\"2560\" src=\"https:\/\/life-smarthome.com\/wp-content\/uploads\/2025\/06\/icone-37-scaled.webp\" class=\"attachment-full size-full wp-image-2522\" alt=\"\" title=\"\" srcset=\"https:\/\/life-smarthome.com\/wp-content\/uploads\/2025\/06\/icone-37-scaled.webp 2560w, https:\/\/life-smarthome.com\/wp-content\/uploads\/2025\/06\/icone-37-300x300.webp 300w, https:\/\/life-smarthome.com\/wp-content\/uploads\/2025\/06\/icone-37-1024x1024.webp 1024w, https:\/\/life-smarthome.com\/wp-content\/uploads\/2025\/06\/icone-37-150x150.webp 150w, https:\/\/life-smarthome.com\/wp-content\/uploads\/2025\/06\/icone-37-768x768.webp 768w, https:\/\/life-smarthome.com\/wp-content\/uploads\/2025\/06\/icone-37-1536x1536.webp 1536w, https:\/\/life-smarthome.com\/wp-content\/uploads\/2025\/06\/icone-37-2048x2048.webp 2048w, https:\/\/life-smarthome.com\/wp-content\/uploads\/2025\/06\/icone-37-600x600.webp 600w, https:\/\/life-smarthome.com\/wp-content\/uploads\/2025\/06\/icone-37-100x100.webp 100w\" sizes=\"(max-width: 2560px) 100vw, 2560px\" \/><\/figure><div class=\"elementor-image-box-content\"><h3 class=\"elementor-image-box-title\">Presence simulation<\/h3><p class=\"elementor-image-box-description\">Discourage burglars while you're away. Program your lights to come on at random, your shutters to open or your appliances to operate, to give the illusion that your home is always occupied.<\/p><\/div><\/div>\t\t\t\t<\/div>\n\t\t\t\t<\/div>\n\t\t\t\t<\/div>\n\t\t\t\t<\/div>\n\t\t\t\t\t<\/div>\n\t\t\t\t<\/div>\n\t\t<div class=\"elementor-element elementor-element-482e3bf e-con-full e-flex wpr-particle-no wpr-jarallax-no wpr-parallax-no wpr-sticky-section-no e-con e-parent\" data-id=\"482e3bf\" data-element_type=\"container\" data-e-type=\"container\" data-settings=\"{&quot;background_background&quot;:&quot;classic&quot;}\">\n\t\t<div class=\"elementor-element elementor-element-3e63b99 e-con-full e-flex wpr-particle-no wpr-jarallax-no wpr-parallax-no wpr-sticky-section-no e-con e-child\" data-id=\"3e63b99\" data-element_type=\"container\" data-e-type=\"container\">\n\t\t\t\t<div class=\"elementor-element elementor-element-7b503b7 elementor-widget elementor-widget-heading\" data-id=\"7b503b7\" data-element_type=\"widget\" data-e-type=\"widget\" data-widget_type=\"heading.default\">\n\t\t\t\t<div class=\"elementor-widget-container\">\n\t\t\t\t\t<h2 class=\"elementor-heading-title elementor-size-default\">Smart, Connected Safety<\/h2>\t\t\t\t<\/div>\n\t\t\t\t<\/div>\n\t\t\t\t<div class=\"elementor-element elementor-element-145f5be elementor-widget elementor-widget-text-editor\" data-id=\"145f5be\" data-element_type=\"widget\" data-e-type=\"widget\" data-widget_type=\"text-editor.default\">\n\t\t\t\t<div class=\"elementor-widget-container\">\n\t\t\t\t\t\t\t\t\t<p>Remotely control the complete security of your home or business: alarm, cameras, access control and danger detectors. An intelligent, integrated solution for guaranteed peace of mind, wherever you are.<\/p>\t\t\t\t\t\t\t\t<\/div>\n\t\t\t\t<\/div>\n\t\t\t\t<\/div>\n\t\t<div class=\"elementor-element elementor-element-a830f8d e-con-full e-flex wpr-particle-no wpr-jarallax-no wpr-parallax-no wpr-sticky-section-no e-con e-child\" data-id=\"a830f8d\" data-element_type=\"container\" data-e-type=\"container\">\n\t\t\t\t<div class=\"elementor-element elementor-element-ed9be94 elementor-widget elementor-widget-image\" data-id=\"ed9be94\" data-element_type=\"widget\" data-e-type=\"widget\" data-widget_type=\"image.default\">\n\t\t\t\t<div class=\"elementor-widget-container\">\n\t\t\t\t\t\t\t\t\t\t\t\t\t\t\t<img loading=\"lazy\" decoding=\"async\" width=\"868\" height=\"1024\" src=\"https:\/\/life-smarthome.com\/wp-content\/uploads\/2025\/05\/photo-20-868x1024.webp\" class=\"attachment-large size-large wp-image-1535\" alt=\"\" srcset=\"https:\/\/life-smarthome.com\/wp-content\/uploads\/2025\/05\/photo-20-868x1024.webp 868w, https:\/\/life-smarthome.com\/wp-content\/uploads\/2025\/05\/photo-20-scaled-600x708.webp 600w, https:\/\/life-smarthome.com\/wp-content\/uploads\/2025\/05\/photo-20-254x300.webp 254w, https:\/\/life-smarthome.com\/wp-content\/uploads\/2025\/05\/photo-20-768x906.webp 768w, https:\/\/life-smarthome.com\/wp-content\/uploads\/2025\/05\/photo-20-1302x1536.webp 1302w, https:\/\/life-smarthome.com\/wp-content\/uploads\/2025\/05\/photo-20-1736x2048.webp 1736w\" sizes=\"(max-width: 868px) 100vw, 868px\" title=\"\">\t\t\t\t\t\t\t\t\t\t\t\t\t\t\t<\/div>\n\t\t\t\t<\/div>\n\t\t\t\t<\/div>\n\t\t\t\t<\/div>\n\t\t\t\t<\/div>","protected":false},"excerpt":{"rendered":"<p>S\u00e9curit\u00e9 S\u00e9curit\u00e9, confort et efficacit\u00e9 : la technologie au service de votre bien-\u00eatre. S\u00e9curit\u00e9 Prot\u00e9gez ce qui compte. De la vid\u00e9osurveillance aux alarmes connect\u00e9es, nous mettons en place un syst\u00e8me de s\u00e9curit\u00e9 intelligent, discret et r\u00e9actif, accessible \u00e0 distance. Syst\u00e8me d&rsquo;alarme connect\u00e9 Recevez des alertes instantan\u00e9es sur votre smartphone en cas d&rsquo;intrusion et agissez \u00e0 distance. Une protection active, 24h\/24 et 7j\/7. Vid\u00e9osurveillance Gardez un \u0153il sur votre domicile, o\u00f9 que vous soyez. Visualisez les flux en direct, consultez les enregistrements et ne manquez aucun \u00e9v\u00e9nement important. D\u00e9tecteurs de fum\u00e9e, gaz, CO Assurez la s\u00e9curit\u00e9 de vos proches contre les dangers invisibles. Nos d\u00e9tecteurs connect\u00e9s vous alertent imm\u00e9diatement sur votre t\u00e9l\u00e9phone en cas de fum\u00e9e, fuite de gaz ou pr\u00e9sence de monoxyde de carbone, m\u00eame lorsque vous \u00eates absent. Contr\u00f4le d&rsquo;acc\u00e8s G\u00e9rez qui entre et sort de chez vous ou de vos locaux en toute simplicit\u00e9. D\u00e9verrouillez vos portes \u00e0 distance, cr\u00e9ez des acc\u00e8s temporaires pour vos invit\u00e9s et suivez l&rsquo;historique des passages pour une s\u00e9curit\u00e9 ma\u00eetris\u00e9e. Simulation de pr\u00e9sence Dissuadez les cambrioleurs durant vos absences. Programmez l&rsquo;allumage al\u00e9atoire de vos lumi\u00e8res, l&rsquo;ouverture de vos volets ou le fonctionnement d&rsquo;appareils pour donner l&rsquo;illusion que votre domicile est toujours occup\u00e9. S\u00e9curit\u00e9 Connect\u00e9e et Intelligente Pilotez \u00e0 distance la s\u00e9curit\u00e9 compl\u00e8te de votre domicile ou entreprise : alarme, cam\u00e9ras, contr\u00f4le d&rsquo;acc\u00e8s et d\u00e9tecteurs de danger. Une solution intelligente et int\u00e9gr\u00e9e pour une tranquillit\u00e9 d&rsquo;esprit garantie, o\u00f9 que vous soyez.<\/p>","protected":false},"author":1,"featured_media":0,"parent":1461,"menu_order":0,"comment_status":"closed","ping_status":"closed","template":"","meta":{"_acf_changed":false,"site-sidebar-layout":"no-sidebar","site-content-layout":"page-builder","ast-site-content-layout":"full-width-container","site-content-style":"unboxed","site-sidebar-style":"unboxed","ast-global-header-display":"","ast-banner-title-visibility":"","ast-main-header-display":"","ast-hfb-above-header-display":"","ast-hfb-below-header-display":"","ast-hfb-mobile-header-display":"","site-post-title":"disabled","ast-breadcrumbs-content":"","ast-featured-img":"disabled","footer-sml-layout":"","ast-disable-related-posts":"","theme-transparent-header-meta":"enabled","adv-header-id-meta":"","stick-header-meta":"","header-above-stick-meta":"","header-main-stick-meta":"","header-below-stick-meta":"","astra-migrate-meta-layouts":"set","ast-page-background-enabled":"default","ast-page-background-meta":{"desktop":{"background-color":"","background-image":"","background-repeat":"repeat","background-position":"center center","background-size":"auto","background-attachment":"scroll","background-type":"","background-media":"","overlay-type":"","overlay-color":"","overlay-opacity":"","overlay-gradient":""},"tablet":{"background-color":"","background-image":"","background-repeat":"repeat","background-position":"center center","background-size":"auto","background-attachment":"scroll","background-type":"","background-media":"","overlay-type":"","overlay-color":"","overlay-opacity":"","overlay-gradient":""},"mobile":{"background-color":"","background-image":"","background-repeat":"repeat","background-position":"center center","background-size":"auto","background-attachment":"scroll","background-type":"","background-media":"","overlay-type":"","overlay-color":"","overlay-opacity":"","overlay-gradient":""}},"ast-content-background-meta":{"desktop":{"background-color":"var(--ast-global-color-5)","background-image":"","background-repeat":"repeat","background-position":"center center","background-size":"auto","background-attachment":"scroll","background-type":"","background-media":"","overlay-type":"","overlay-color":"","overlay-opacity":"","overlay-gradient":""},"tablet":{"background-color":"var(--ast-global-color-5)","background-image":"","background-repeat":"repeat","background-position":"center center","background-size":"auto","background-attachment":"scroll","background-type":"","background-media":"","overlay-type":"","overlay-color":"","overlay-opacity":"","overlay-gradient":""},"mobile":{"background-color":"var(--ast-global-color-5)","background-image":"","background-repeat":"repeat","background-position":"center center","background-size":"auto","background-attachment":"scroll","background-type":"","background-media":"","overlay-type":"","overlay-color":"","overlay-opacity":"","overlay-gradient":""}},"footnotes":""},"class_list":["post-1894","page","type-page","status-publish","hentry"],"acf":[],"_links":{"self":[{"href":"https:\/\/life-smarthome.com\/en\/wp-json\/wp\/v2\/pages\/1894","targetHints":{"allow":["GET"]}}],"collection":[{"href":"https:\/\/life-smarthome.com\/en\/wp-json\/wp\/v2\/pages"}],"about":[{"href":"https:\/\/life-smarthome.com\/en\/wp-json\/wp\/v2\/types\/page"}],"author":[{"embeddable":true,"href":"https:\/\/life-smarthome.com\/en\/wp-json\/wp\/v2\/users\/1"}],"replies":[{"embeddable":true,"href":"https:\/\/life-smarthome.com\/en\/wp-json\/wp\/v2\/comments?post=1894"}],"version-history":[{"count":3,"href":"https:\/\/life-smarthome.com\/en\/wp-json\/wp\/v2\/pages\/1894\/revisions"}],"predecessor-version":[{"id":3516,"href":"https:\/\/life-smarthome.com\/en\/wp-json\/wp\/v2\/pages\/1894\/revisions\/3516"}],"up":[{"embeddable":true,"href":"https:\/\/life-smarthome.com\/en\/wp-json\/wp\/v2\/pages\/1461"}],"wp:attachment":[{"href":"https:\/\/life-smarthome.com\/en\/wp-json\/wp\/v2\/media?parent=1894"}],"curies":[{"name":"wp","href":"https:\/\/api.w.org\/{rel}","templated":true}]}}